{"id":749,"date":"2026-03-10T06:41:30","date_gmt":"2026-03-10T06:41:30","guid":{"rendered":"https:\/\/medyag.hu\/?page_id=749"},"modified":"2026-03-10T06:41:30","modified_gmt":"2026-03-10T06:41:30","slug":"kalibralo-laboratorium","status":"publish","type":"page","link":"https:\/\/medyag.hu\/index.php\/kalibralo-laboratorium\/","title":{"rendered":"Kalibr\u00e1l\u00f3 laborat\u00f3rium"},"content":{"rendered":"<p style=\"font-weight: 400;\"><span data-ogsc=\"rgb(56, 86, 35)\">Kalibr\u00e1l\u00f3 laborat\u00f3riumunk munkat\u00e1rsai a kalibr\u00e1l\u00e1sokat a megb\u00edz\u00f3 \u00e1ltal ig\u00e9nyelt m\u00e9r\u00e9si pontokon, laborat\u00f3riumunkban vagy a megb\u00edz\u00f3k \u00e1ltal megadott helysz\u00edneken v\u00e9gzik.<\/span><\/p>\n<p style=\"font-weight: 400;\"><span data-ogsc=\"rgb(56, 86, 35)\">Referencia \u00e9s haszn\u00e1lati etalonjaink a Budapest F\u0151v\u00e1ros Korm\u00e1nyhivatala \u00e9s akkredit\u00e1lt kalibr\u00e1l\u00f3 laborat\u00f3riumok \u00e1ltal kalibr\u00e1ltak, \u00edgy a kapott m\u00e9r\u00e9si eredm\u00e9nyek a kalibr\u00e1l\u00e1skor dokument\u00e1lt, megszak\u00edtatlan l\u00e1ncon kereszt\u00fcl visszavezethet\u0151k a nemzeti\/nemzetk\u00f6zi etalonokig.<\/span><\/p>\n<p style=\"font-weight: 400;\"><span data-ogsc=\"rgb(56, 86, 35)\">\u00a0<\/span><\/p>\n<p style=\"font-weight: 400;\"><span data-ogsc=\"rgb(56, 86, 35)\">A Kalibr\u00e1l\u00f3 laborat\u00f3rium a k\u00f6vetkez\u0151 saj\u00e1t kialak\u00edt\u00e1s\u00fa, valid\u00e1lt elj\u00e1r\u00e1sokkal rendelkeziki:<\/span><\/p>\n<ol style=\"font-weight: 400;\">\n<li data-ogsc=\"rgb(56, 86, 35)\">H\u0151m\u00e9rs\u00e9kletm\u00e9r\u0151 eszk\u00f6z\u00f6k kalibr\u00e1l\u00e1sa (-200\u00b0C \u2026 +250\u00b0C)<\/li>\n<li data-ogsc=\"rgb(56, 86, 35)\">Nyom\u00e1sm\u00e9r\u0151 eszk\u00f6z\u00f6k kalibr\u00e1l\u00e1sa (-1250 Pa \u2026 +1250 Pa; -1 bar \u2026 +19 bar (rel))<\/li>\n<li data-ogsc=\"rgb(56, 86, 35)\">Egy vagy t\u00f6bbcsatorn\u00e1s pipett\u00e1k kalibr\u00e1l\u00e1sa (1\u00b5l \u2026 10000\u00b5l)<\/li>\n<li data-ogsc=\"rgb(56, 86, 35)\">Leveg\u0151 mintavev\u0151 eszk\u00f6z\u00f6k kalibr\u00e1l\u00e1sa (20 \u2026 2000 liter)<\/li>\n<li data-ogsc=\"rgb(56, 86, 35)\">L\u00e9gsebess\u00e9gm\u00e9r\u0151k kalibr\u00e1l\u00e1sa (0,1 \u2026 1,5 m\/s)<\/li>\n<li data-ogsc=\"rgb(56, 86, 35)\">Fordulatsz\u00e1m m\u00e9r\u0151 eszk\u00f6z\u00f6k kalibr\u00e1l\u00e1sa (3 RPM \u2026 10000 RPM)<\/li>\n<li data-ogsc=\"rgb(56, 86, 35)\">P\u00e1ram\u00e9r\u0151k kalibr\u00e1l\u00e1sa (11,3 rH% \u2026 98 rH%)<\/li>\n<li data-ogsc=\"rgb(56, 86, 35)\">Id\u0151m\u00e9r\u0151 eszk\u00f6z\u00f6k kalibr\u00e1l\u00e1sa (0,00 \u2026 35 999,99 sec)<\/li>\n<\/ol>\n","protected":false},"excerpt":{"rendered":"<p>Kalibr\u00e1l\u00f3 laborat\u00f3riumunk munkat\u00e1rsai a kalibr\u00e1l\u00e1sokat a megb\u00edz\u00f3 \u00e1ltal ig\u00e9nyelt m\u00e9r\u00e9si pontokon, laborat\u00f3riumunkban vagy a megb\u00edz\u00f3k \u00e1ltal megadott helysz\u00edneken v\u00e9gzik. Referencia \u00e9s haszn\u00e1lati etalonjaink a Budapest F\u0151v\u00e1ros Korm\u00e1nyhivatala \u00e9s akkredit\u00e1lt kalibr\u00e1l\u00f3 laborat\u00f3riumok \u00e1ltal kalibr\u00e1ltak, \u00edgy a kapott m\u00e9r\u00e9si eredm\u00e9nyek a kalibr\u00e1l\u00e1skor dokument\u00e1lt, megszak\u00edtatlan l\u00e1ncon kereszt\u00fcl visszavezethet\u0151k a nemzeti\/nemzetk\u00f6zi etalonokig. \u00a0 A Kalibr\u00e1l\u00f3 laborat\u00f3rium a k\u00f6vetkez\u0151 saj\u00e1t [&hellip;]<\/p>\n","protected":false},"author":1,"featured_media":0,"parent":0,"menu_order":0,"comment_status":"closed","ping_status":"closed","template":"","meta":{"footnotes":""},"class_list":["post-749","page","type-page","status-publish","czr-hentry"],"_links":{"self":[{"href":"https:\/\/medyag.hu\/index.php\/wp-json\/wp\/v2\/pages\/749","targetHints":{"allow":["GET"]}}],"collection":[{"href":"https:\/\/medyag.hu\/index.php\/wp-json\/wp\/v2\/pages"}],"about":[{"href":"https:\/\/medyag.hu\/index.php\/wp-json\/wp\/v2\/types\/page"}],"author":[{"embeddable":true,"href":"https:\/\/medyag.hu\/index.php\/wp-json\/wp\/v2\/users\/1"}],"replies":[{"embeddable":true,"href":"https:\/\/medyag.hu\/index.php\/wp-json\/wp\/v2\/comments?post=749"}],"version-history":[{"count":1,"href":"https:\/\/medyag.hu\/index.php\/wp-json\/wp\/v2\/pages\/749\/revisions"}],"predecessor-version":[{"id":750,"href":"https:\/\/medyag.hu\/index.php\/wp-json\/wp\/v2\/pages\/749\/revisions\/750"}],"wp:attachment":[{"href":"https:\/\/medyag.hu\/index.php\/wp-json\/wp\/v2\/media?parent=749"}],"curies":[{"name":"wp","href":"https:\/\/api.w.org\/{rel}","templated":true}]}}