{"id":724,"date":"2025-08-08T10:18:21","date_gmt":"2025-08-08T10:18:21","guid":{"rendered":"https:\/\/medyag.hu\/?page_id=724"},"modified":"2025-09-01T09:47:47","modified_gmt":"2025-09-01T09:47:47","slug":"a-projekt-cime-a-fejlesztes-targya-a-bakterialis-mastitis-hatekony-kezelesere-alkalmas-guide-iranyelv-fejlesztese","status":"publish","type":"page","link":"https:\/\/medyag.hu\/index.php\/a-projekt-cime-a-fejlesztes-targya-a-bakterialis-mastitis-hatekony-kezelesere-alkalmas-guide-iranyelv-fejlesztese\/","title":{"rendered":"A bakteri\u00e1lis mastitis hat\u00e9kony kezel\u00e9s\u00e9re alkalmas Guide (ir\u00e1nyelv) fejleszt\u00e9se"},"content":{"rendered":"<p style=\"font-weight: 400;\"><strong>\u00a0<\/strong><\/p>\n<p style=\"font-weight: 400;\"><strong><img loading=\"lazy\" decoding=\"async\" class=\"wp-image-671 aligncenter\" src=\"https:\/\/medyag.hu\/wp-content\/uploads\/2025\/08\/kedvezmenyezetti-infoblokk-keretes-1.jpg\" alt=\"\" width=\"437\" height=\"131\" srcset=\"https:\/\/medyag.hu\/wp-content\/uploads\/2025\/08\/kedvezmenyezetti-infoblokk-keretes-1.jpg 1504w, https:\/\/medyag.hu\/wp-content\/uploads\/2025\/08\/kedvezmenyezetti-infoblokk-keretes-1-300x90.jpg 300w, https:\/\/medyag.hu\/wp-content\/uploads\/2025\/08\/kedvezmenyezetti-infoblokk-keretes-1-1024x306.jpg 1024w, https:\/\/medyag.hu\/wp-content\/uploads\/2025\/08\/kedvezmenyezetti-infoblokk-keretes-1-768x230.jpg 768w, https:\/\/medyag.hu\/wp-content\/uploads\/2025\/08\/kedvezmenyezetti-infoblokk-keretes-1-1170x350.jpg 1170w\" sizes=\"auto, (max-width: 437px) 100vw, 437px\" \/>\u00a0<\/strong><\/p>\n<p style=\"font-weight: 400;\"><strong>\u00a0<\/strong><\/p>\n<p style=\"font-weight: 400;\"><strong>A kedvezm\u00e9nyezett neve (konzorciumvezet\u0151):<\/strong> Fluart Innovative Vaccines Korl\u00e1tolt Felel\u0151ss\u00e9g\u0171 T\u00e1rsas\u00e1g<\/p>\n<p style=\"font-weight: 400;\"><strong>Konzorciumi tag: <\/strong>MEDYAG Korl\u00e1tolt Felel\u0151ss\u00e9g\u0171 T\u00e1rsas\u00e1g<\/p>\n<p style=\"font-weight: 400;\"><strong>\u00a0<\/strong><\/p>\n<p style=\"font-weight: 400;\"><strong>A projekt c\u00edme, a fejleszt\u00e9s t\u00e1rgya: A bakteri\u00e1lis mastitis hat\u00e9kony kezel\u00e9s\u00e9re alkalmas Guide (ir\u00e1nyelv) fejleszt\u00e9se<\/strong><\/p>\n<p style=\"font-weight: 400;\"><strong>\u00a0<\/strong><\/p>\n<p style=\"font-weight: 400;\"><strong>Az elsz\u00e1molhat\u00f3 k\u00f6lts\u00e9g szerz\u0151d\u00f6tt \u00f6sszege &#8211; Fluart Innovative Vaccines Korl\u00e1tolt Felel\u0151ss\u00e9g\u0171 T\u00e1rsas\u00e1g (konzorciumvezet\u0151):<\/strong><\/p>\n<p style=\"font-weight: 400;\">899 240 923 Ft, ebb\u0151l eur\u00f3pai uni\u00f3s t\u00e1mogat\u00e1s \u00f6sszege: 516 768\u00a0007 Ft<\/p>\n<p style=\"font-weight: 400;\"><strong>\u00a0<\/strong><\/p>\n<p style=\"font-weight: 400;\"><strong>Az elsz\u00e1molhat\u00f3 k\u00f6lts\u00e9g szerz\u0151d\u00f6tt \u00f6sszege &#8211; MEDYAG Korl\u00e1tolt Felel\u0151ss\u00e9g\u0171 T\u00e1rsas\u00e1g tag: <\/strong><\/p>\n<p style=\"font-weight: 400;\">296 789 828 Ft, ebb\u0151l eur\u00f3pai uni\u00f3s t\u00e1mogat\u00e1s \u00f6sszege: 194 419 845 Ft<\/p>\n<p style=\"font-weight: 400;\"><strong>\u00a0<\/strong><\/p>\n<p style=\"font-weight: 400;\"><strong>A t\u00e1mogat\u00e1s m\u00e9rt\u00e9ke: <\/strong>59%<\/p>\n<p style=\"font-weight: 400;\"><strong>\u00a0<\/strong><\/p>\n<p style=\"font-weight: 400;\"><strong>A projekt tartalma: <\/strong><\/p>\n<p style=\"font-weight: 400;\">Az eur\u00f3pai uni\u00f3s projekt c\u00e9lja egy olyan Guide kidolgoz\u00e1sa, amely speci\u00e1lis lehet\u0151s\u00e9get ad a marhateny\u00e9szt\u0151knek, \u00e1llatorvosoknak, kutat\u00f3knak, gy\u00f3gyszergy\u00e1rt\u00f3knak arra, hogy a jelenleg ismert elj\u00e1r\u00e1srendekhez k\u00e9pest egy, a Guide-ban meghat\u00e1rozott fejleszt\u00e9si l\u00e9p\u00e9seket k\u00f6vetve, azok eredm\u00e9nyeit figyelembev\u00e9ve, a mindenkor aktu\u00e1lis fejleszt\u00e9si l\u00e9p\u00e9s ut\u00e1n, a sz\u00fcks\u00e9ges d\u00f6nt\u00e9seket meghozva, egy \u00faj megk\u00f6zel\u00edt\u00e9st \u00e9s hat\u00e9konyabb v\u00e9dekez\u00e9st tudjanak\u00a0 alkalmazni a bakteri\u00e1lis mastitis (bakt\u00e9rium okozta t\u0151gygyullad\u00e1s) okozta gazdas\u00e1gi \u00e9s \u00e1llateg\u00e9szs\u00e9g\u00fcgyi probl\u00e9m\u00e1k cs\u00f6kkent\u00e9s\u00e9re. A Guide a szakmai elj\u00e1r\u00e1sok \u00e9s vizsg\u00e1lati m\u00f3dszerek integr\u00e1lt d\u00f6nt\u00e9si f\u00e1t tartalmaz\u00f3 el\u0151irata, ami egyben a bakteriof\u00e1g \u00e9s endolizin egy\u00fcttes felhaszn\u00e1l\u00e1s\u00e1t el\u0151seg\u00edt\u0151 szakmai protokoll rendszere.<\/p>\n<p style=\"font-weight: 400;\">A mastitis kezel\u00e9s\u00e9ben jelenleg az antibiotikumok alkalmaz\u00e1sa a legelterjedtebb m\u00f3dszer, azonban a n\u00f6vekv\u0151 antibiotikum-rezisztencia \u00e9s az antibiotikumok k\u00f6rnyezeti terhel\u00e9se miatt sz\u00fcks\u00e9g van alternat\u00edv megold\u00e1sokra. Az antibiotikum-rezisztens bakt\u00e9riumt\u00f6rzsek kialakul\u00e1sa nemcsak a mastitis<\/p>\n<p style=\"font-weight: 400;\">kezel\u00e9s\u00e9t nehez\u00edti, hanem az \u00e9lelmiszerbiztons\u00e1got is vesz\u00e9lyezteti. Az antibiotikumok jelenl\u00e9te a tejfeldolgoz\u00e1si folyamatok sor\u00e1n a tej min\u0151s\u00e9g\u00e9nek \u00e9s biztons\u00e1g\u00e1nak roml\u00e1s\u00e1hoz vezethet.<\/p>\n<p style=\"font-weight: 400;\">A projekt konzorciumban val\u00f3sul meg, melynek vezet\u0151je a Fluart Innovative Vaccines Korl\u00e1tolt Felel\u0151ss\u00e9g\u0171 T\u00e1rsas\u00e1g \u00e9s konzorciumi tagk\u00e9nt vesz r\u00e9szt benne a MEDYAG Korl\u00e1tolt Felel\u0151ss\u00e9g\u0171 T\u00e1rsas\u00e1g. A GINOP_PLUSZ-2.1.1-24-2025-00012 az Eur\u00f3pai Uni\u00f3 t\u00e1mogat\u00e1s\u00e1val, a magyar \u00e1llam t\u00e1rsfinansz\u00edroz\u00e1s\u00e1val val\u00f3sul meg.<\/p>\n<p style=\"font-weight: 400;\"><strong>\u00a0<\/strong><\/p>\n<p style=\"font-weight: 400;\"><strong>A projekt befejez\u00e9si d\u00e1tuma: <\/strong>2028.04.30<\/p>\n<p style=\"font-weight: 400;\"><strong>A projekt azonos\u00edt\u00f3 sz\u00e1ma: <\/strong>GINOP_PLUSZ-2.1.1-24-2025-00012<\/p>\n<p style=\"font-weight: 400;\">\n","protected":false},"excerpt":{"rendered":"<p>\u00a0 \u00a0 \u00a0 A kedvezm\u00e9nyezett neve (konzorciumvezet\u0151): Fluart Innovative Vaccines Korl\u00e1tolt Felel\u0151ss\u00e9g\u0171 T\u00e1rsas\u00e1g Konzorciumi tag: MEDYAG Korl\u00e1tolt Felel\u0151ss\u00e9g\u0171 T\u00e1rsas\u00e1g \u00a0 A projekt c\u00edme, a fejleszt\u00e9s t\u00e1rgya: A bakteri\u00e1lis mastitis hat\u00e9kony kezel\u00e9s\u00e9re alkalmas Guide (ir\u00e1nyelv) fejleszt\u00e9se \u00a0 Az elsz\u00e1molhat\u00f3 k\u00f6lts\u00e9g szerz\u0151d\u00f6tt \u00f6sszege &#8211; Fluart Innovative Vaccines Korl\u00e1tolt Felel\u0151ss\u00e9g\u0171 T\u00e1rsas\u00e1g (konzorciumvezet\u0151): 899 240 923 Ft, ebb\u0151l eur\u00f3pai [&hellip;]<\/p>\n","protected":false},"author":1,"featured_media":0,"parent":0,"menu_order":0,"comment_status":"closed","ping_status":"closed","template":"","meta":{"footnotes":""},"class_list":["post-724","page","type-page","status-publish","czr-hentry"],"_links":{"self":[{"href":"https:\/\/medyag.hu\/index.php\/wp-json\/wp\/v2\/pages\/724","targetHints":{"allow":["GET"]}}],"collection":[{"href":"https:\/\/medyag.hu\/index.php\/wp-json\/wp\/v2\/pages"}],"about":[{"href":"https:\/\/medyag.hu\/index.php\/wp-json\/wp\/v2\/types\/page"}],"author":[{"embeddable":true,"href":"https:\/\/medyag.hu\/index.php\/wp-json\/wp\/v2\/users\/1"}],"replies":[{"embeddable":true,"href":"https:\/\/medyag.hu\/index.php\/wp-json\/wp\/v2\/comments?post=724"}],"version-history":[{"count":5,"href":"https:\/\/medyag.hu\/index.php\/wp-json\/wp\/v2\/pages\/724\/revisions"}],"predecessor-version":[{"id":742,"href":"https:\/\/medyag.hu\/index.php\/wp-json\/wp\/v2\/pages\/724\/revisions\/742"}],"wp:attachment":[{"href":"https:\/\/medyag.hu\/index.php\/wp-json\/wp\/v2\/media?parent=724"}],"curies":[{"name":"wp","href":"https:\/\/api.w.org\/{rel}","templated":true}]}}