{"id":55,"date":"2012-10-05T12:13:28","date_gmt":"2012-10-05T12:13:28","guid":{"rendered":"http:\/\/medyag.hu\/index.php\/kapcsolat-02\/"},"modified":"2026-03-10T07:45:22","modified_gmt":"2026-03-10T07:45:22","slug":"kapcsolat-02","status":"publish","type":"page","link":"https:\/\/medyag.hu\/index.php\/kapcsolat-02\/","title":{"rendered":"Kapcsolat"},"content":{"rendered":"<h3>MEDYAG Kft.<\/h3>\n<p style=\"margin-bottom: 0cm;\">4032 Debrecen, Nagyerdei krt. 98.<br \/>\nLevelez\u00e9si c\u00edm: 1506 Budapest, Pf.70<br \/>\nTelefon: +36 52 534 402<br \/>\nMobil: +36 20 419 7060<br \/>\nE-mail: medyag@medyag.hu, info@medyag.hu<br \/>\nElektronikus sz\u00e1mla befogad\u00e1si email c\u00edm: <strong>szamlazas@medyag.hu<\/strong><\/p>\n<h4><strong>Kapcsolatok:<\/strong><\/h4>\n<p><strong>Sejtter\u00e1pia Laborat\u00f3rium:<br \/>\n<\/strong><strong>4032 Debrecen, Nagyerdei krt. 98<br \/>\n<\/strong>Dr. Tudlik Zsuzsa, min\u0151s\u00e9gbiztos\u00edt\u00e1si vezet\u0151: medyag@medyag.hu<br \/>\nTel: +36 52 534 402<br \/>\nMobil: +36 20 419 71 88<\/p>\n<p><strong>Min\u0151s\u00e9gellen\u0151rz\u0151 Laborat\u00f3rium:<br \/>\n4032 Debrecen, Nagyerdei krt. 98<br \/>\n<\/strong>Pet\u00f5 Ibolya,\u00a0 min\u0151s\u00e9gellen\u0151rz\u00e9si vezet\u0151:\u00a0minellab@medyag.hu<br \/>\nTel: +36 52 534 402<br \/>\nMobil: +36 20 419 7090<\/p>\n<p><strong>M\u0171szaki vizsg\u00e1l\u00f3laborat\u00f3rium:<br \/>\n2040 Buda\u00f6rs, Fodros u. 47\/B<br \/>\n<\/strong>M\u00e1tray Ott\u00f3, kvalifik\u00e1l\u00e1si vezet\u0151:\u00a0mvl@medyag.hu<br \/>\nMobil: +36 20\u00a0419 7099<\/p>\n<p style=\"font-weight: 400;\"><strong><span data-ogsc=\"rgb(56, 86, 35)\">Kalibr\u00e1l\u00f3 laborat\u00f3rium:<br \/>\n<\/span><\/strong><span data-ogsc=\"rgb(56, 86, 35)\"><strong>2040 Buda\u00f6rs, Fodros u. 47\/B<br \/>\n<\/strong>M\u00e1tray Ott\u00f3, laborat\u00f3rium vezet\u0151:\u00a0kalibralas@medyag.hu<br \/>\nMobil: +36 20\u00a0419 7099<\/span><\/p>\n","protected":false},"excerpt":{"rendered":"<p>MEDYAG Kft. 4032 Debrecen, Nagyerdei krt. 98. Levelez\u00e9si c\u00edm: 1506 Budapest, Pf.70 Telefon: +36 52 534 402 Mobil: +36 20 419 7060 E-mail: medyag@medyag.hu, info@medyag.hu Elektronikus sz\u00e1mla befogad\u00e1si email c\u00edm: szamlazas@medyag.hu Kapcsolatok: Sejtter\u00e1pia Laborat\u00f3rium: 4032 Debrecen, Nagyerdei krt. 98 Dr. Tudlik Zsuzsa, min\u0151s\u00e9gbiztos\u00edt\u00e1si vezet\u0151: medyag@medyag.hu Tel: +36 52 534 402 Mobil: +36 20 419 71 [&hellip;]<\/p>\n","protected":false},"author":1,"featured_media":0,"parent":0,"menu_order":0,"comment_status":"closed","ping_status":"closed","template":"","meta":{"footnotes":""},"class_list":["post-55","page","type-page","status-publish","czr-hentry"],"_links":{"self":[{"href":"https:\/\/medyag.hu\/index.php\/wp-json\/wp\/v2\/pages\/55","targetHints":{"allow":["GET"]}}],"collection":[{"href":"https:\/\/medyag.hu\/index.php\/wp-json\/wp\/v2\/pages"}],"about":[{"href":"https:\/\/medyag.hu\/index.php\/wp-json\/wp\/v2\/types\/page"}],"author":[{"embeddable":true,"href":"https:\/\/medyag.hu\/index.php\/wp-json\/wp\/v2\/users\/1"}],"replies":[{"embeddable":true,"href":"https:\/\/medyag.hu\/index.php\/wp-json\/wp\/v2\/comments?post=55"}],"version-history":[{"count":34,"href":"https:\/\/medyag.hu\/index.php\/wp-json\/wp\/v2\/pages\/55\/revisions"}],"predecessor-version":[{"id":758,"href":"https:\/\/medyag.hu\/index.php\/wp-json\/wp\/v2\/pages\/55\/revisions\/758"}],"wp:attachment":[{"href":"https:\/\/medyag.hu\/index.php\/wp-json\/wp\/v2\/media?parent=55"}],"curies":[{"name":"wp","href":"https:\/\/api.w.org\/{rel}","templated":true}]}}