{"id":423,"date":"2020-06-09T12:11:59","date_gmt":"2020-06-09T12:11:59","guid":{"rendered":"http:\/\/medyag.hu\/?page_id=423"},"modified":"2020-06-09T12:33:56","modified_gmt":"2020-06-09T12:33:56","slug":"kutatas-fejlesztes","status":"publish","type":"page","link":"https:\/\/medyag.hu\/index.php\/kutatas-fejlesztes\/","title":{"rendered":"Kutat\u00e1s-fejleszt\u00e9s"},"content":{"rendered":"<p><img loading=\"lazy\" decoding=\"async\" class=\"size-full wp-image-436 alignright\" src=\"https:\/\/medyag.hu\/wp-content\/uploads\/2020\/06\/kutatas-fejlesztes.jpg\" alt=\"\" width=\"200\" height=\"150\" \/>A Sejtter\u00e1pia Laborat\u00f3rium c\u00e9lja, hogy a jelenleg alkalmazott sejtter\u00e1pi\u00e1s elj\u00e1r\u00e1sokat kib\u0151v\u00edts\u00fck, \u00e9s a r\u00e1szorul\u00f3 betegek min\u00e9l nagyobb sz\u00e1mban gy\u00f3gyulhassanak, \u00e9letmin\u0151s\u00e9g\u00fck \u00e9s \u00e9letkil\u00e1t\u00e1suk javulhasson.<\/p>\n<p>A Sejtter\u00e1pia Laborat\u00f3rium a klinikai szak\u00e9rt\u0151kkel szorosan egy\u00fcttm\u0171k\u00f6dve felk\u00e9sz\u00fclt minden olyan, szakmailag kell\u0151en megalapozott \u00faj ter\u00e1pi\u00e1s elj\u00e1r\u00e1s bevezet\u00e9s\u00e9re, amelyet az adott felhaszn\u00e1l\u00e1si ter\u00fcleten alkalmazva k\u00f6lts\u00e9ghat\u00e9kony m\u00f3don \u00e9rhet\u0151 el a ter\u00e1pi\u00e1s hat\u00e9konys\u00e1g n\u00f6vel\u00e9se.<\/p>\n<p><a href=\"https:\/\/medyag.hu\/index.php\/jacie-akkreditacio\/\">JACIE akkredit\u00e1ci\u00f3<\/a><\/p>\n","protected":false},"excerpt":{"rendered":"<p>A Sejtter\u00e1pia Laborat\u00f3rium c\u00e9lja, hogy a jelenleg alkalmazott sejtter\u00e1pi\u00e1s elj\u00e1r\u00e1sokat kib\u0151v\u00edts\u00fck, \u00e9s a r\u00e1szorul\u00f3 betegek min\u00e9l nagyobb sz\u00e1mban gy\u00f3gyulhassanak, \u00e9letmin\u0151s\u00e9g\u00fck \u00e9s \u00e9letkil\u00e1t\u00e1suk javulhasson. A Sejtter\u00e1pia Laborat\u00f3rium a klinikai szak\u00e9rt\u0151kkel szorosan egy\u00fcttm\u0171k\u00f6dve felk\u00e9sz\u00fclt minden olyan, szakmailag kell\u0151en megalapozott \u00faj ter\u00e1pi\u00e1s elj\u00e1r\u00e1s bevezet\u00e9s\u00e9re, amelyet az adott felhaszn\u00e1l\u00e1si ter\u00fcleten alkalmazva k\u00f6lts\u00e9ghat\u00e9kony m\u00f3don \u00e9rhet\u0151 el a ter\u00e1pi\u00e1s hat\u00e9konys\u00e1g n\u00f6vel\u00e9se. [&hellip;]<\/p>\n","protected":false},"author":1,"featured_media":0,"parent":0,"menu_order":0,"comment_status":"closed","ping_status":"closed","template":"","meta":{"footnotes":""},"class_list":["post-423","page","type-page","status-publish","czr-hentry"],"_links":{"self":[{"href":"https:\/\/medyag.hu\/index.php\/wp-json\/wp\/v2\/pages\/423","targetHints":{"allow":["GET"]}}],"collection":[{"href":"https:\/\/medyag.hu\/index.php\/wp-json\/wp\/v2\/pages"}],"about":[{"href":"https:\/\/medyag.hu\/index.php\/wp-json\/wp\/v2\/types\/page"}],"author":[{"embeddable":true,"href":"https:\/\/medyag.hu\/index.php\/wp-json\/wp\/v2\/users\/1"}],"replies":[{"embeddable":true,"href":"https:\/\/medyag.hu\/index.php\/wp-json\/wp\/v2\/comments?post=423"}],"version-history":[{"count":3,"href":"https:\/\/medyag.hu\/index.php\/wp-json\/wp\/v2\/pages\/423\/revisions"}],"predecessor-version":[{"id":440,"href":"https:\/\/medyag.hu\/index.php\/wp-json\/wp\/v2\/pages\/423\/revisions\/440"}],"wp:attachment":[{"href":"https:\/\/medyag.hu\/index.php\/wp-json\/wp\/v2\/media?parent=423"}],"curies":[{"name":"wp","href":"https:\/\/api.w.org\/{rel}","templated":true}]}}