{"id":421,"date":"2020-06-09T12:11:23","date_gmt":"2020-06-09T12:11:23","guid":{"rendered":"http:\/\/medyag.hu\/?page_id=421"},"modified":"2024-11-21T14:11:39","modified_gmt":"2024-11-21T14:11:39","slug":"jacie-akkreditacio","status":"publish","type":"page","link":"https:\/\/medyag.hu\/index.php\/jacie-akkreditacio\/","title":{"rendered":"JACIE akkredit\u00e1ci\u00f3"},"content":{"rendered":"<p>A Sejtter\u00e1pia Laborat\u00f3rium fontosnak \u00e9rzi, hogy a mindenkori Helyes Gy\u00f3gyszergy\u00e1rt\u00e1si Gyakorlat (GMP) ir\u00e1nyelveinek betart\u00e1sa mellett egy\u00e9b, szakma specifikus nemzetk\u00f6zi ir\u00e1nyelveknek is megfeleljen a tev\u00e9kenys\u00e9ge.<\/p>\n<p>Ennek megfelel\u0151en olyan min\u0151s\u00e9gir\u00e1ny\u00edt\u00e1si rendszert m\u0171k\u00f6dtet\u00fcnk, amely a hemopoetikus \u0151ssejt feldolgoz\u00e1s, min\u0151s\u00e9gellen\u0151rz\u00e9s \u00e9s t\u00e1rol\u00e1s tekintet\u00e9ben teljes m\u00e9rt\u00e9kben megfelel a JACIE<em> (Joint Accreditation Committee ISCT-EBMT)<\/em>\u00a0nemzetk\u00f6zi ir\u00e1nyelveknek.<\/p>\n<p>Magyarorsz\u00e1gon els\u0151k\u00e9nt szerezt\u00fck meg a\u00a0<a href=\"https:\/\/medyag.hu\/wp-content\/uploads\/2020\/06\/JACIE_certi.pdf\" target=\"_blank\" rel=\"noopener noreferrer\">JACIE akkredit\u00e1ci\u00f3t<\/a>.<\/p>\n\n\n<figure class=\"wp-block-image size-large is-resized\"><img loading=\"lazy\" decoding=\"async\" width=\"1024\" height=\"727\" src=\"https:\/\/medyag.hu\/wp-content\/uploads\/2024\/06\/Jacie-1-1024x727.jpg\" alt=\"\" class=\"wp-image-644\" style=\"width:586px;height:auto\" srcset=\"https:\/\/medyag.hu\/wp-content\/uploads\/2024\/06\/Jacie-1-1024x727.jpg 1024w, https:\/\/medyag.hu\/wp-content\/uploads\/2024\/06\/Jacie-1-300x213.jpg 300w, https:\/\/medyag.hu\/wp-content\/uploads\/2024\/06\/Jacie-1-768x545.jpg 768w, https:\/\/medyag.hu\/wp-content\/uploads\/2024\/06\/Jacie-1.jpg 1110w\" sizes=\"auto, (max-width: 1024px) 100vw, 1024px\" \/><\/figure>\n\n\n\n<p><\/p>\n","protected":false},"excerpt":{"rendered":"<p>A Sejtter\u00e1pia Laborat\u00f3rium fontosnak \u00e9rzi, hogy a mindenkori Helyes Gy\u00f3gyszergy\u00e1rt\u00e1si Gyakorlat (GMP) ir\u00e1nyelveinek betart\u00e1sa mellett egy\u00e9b, szakma specifikus nemzetk\u00f6zi ir\u00e1nyelveknek is megfeleljen a tev\u00e9kenys\u00e9ge. Ennek megfelel\u0151en olyan min\u0151s\u00e9gir\u00e1ny\u00edt\u00e1si rendszert m\u0171k\u00f6dtet\u00fcnk, amely a hemopoetikus \u0151ssejt feldolgoz\u00e1s, min\u0151s\u00e9gellen\u0151rz\u00e9s \u00e9s t\u00e1rol\u00e1s tekintet\u00e9ben teljes m\u00e9rt\u00e9kben megfelel a JACIE (Joint Accreditation Committee ISCT-EBMT)\u00a0nemzetk\u00f6zi ir\u00e1nyelveknek. Magyarorsz\u00e1gon els\u0151k\u00e9nt szerezt\u00fck meg a\u00a0JACIE akkredit\u00e1ci\u00f3t.<\/p>\n","protected":false},"author":1,"featured_media":0,"parent":0,"menu_order":0,"comment_status":"closed","ping_status":"closed","template":"","meta":{"footnotes":""},"class_list":["post-421","page","type-page","status-publish","czr-hentry"],"_links":{"self":[{"href":"https:\/\/medyag.hu\/index.php\/wp-json\/wp\/v2\/pages\/421","targetHints":{"allow":["GET"]}}],"collection":[{"href":"https:\/\/medyag.hu\/index.php\/wp-json\/wp\/v2\/pages"}],"about":[{"href":"https:\/\/medyag.hu\/index.php\/wp-json\/wp\/v2\/types\/page"}],"author":[{"embeddable":true,"href":"https:\/\/medyag.hu\/index.php\/wp-json\/wp\/v2\/users\/1"}],"replies":[{"embeddable":true,"href":"https:\/\/medyag.hu\/index.php\/wp-json\/wp\/v2\/comments?post=421"}],"version-history":[{"count":14,"href":"https:\/\/medyag.hu\/index.php\/wp-json\/wp\/v2\/pages\/421\/revisions"}],"predecessor-version":[{"id":650,"href":"https:\/\/medyag.hu\/index.php\/wp-json\/wp\/v2\/pages\/421\/revisions\/650"}],"wp:attachment":[{"href":"https:\/\/medyag.hu\/index.php\/wp-json\/wp\/v2\/media?parent=421"}],"curies":[{"name":"wp","href":"https:\/\/api.w.org\/{rel}","templated":true}]}}