{"id":396,"date":"2019-09-12T13:12:27","date_gmt":"2019-09-12T13:12:27","guid":{"rendered":"http:\/\/medyag.hu\/?page_id=396"},"modified":"2022-07-11T10:56:55","modified_gmt":"2022-07-11T10:56:55","slug":"allasajanlatok","status":"publish","type":"page","link":"https:\/\/medyag.hu\/index.php\/allasajanlatok\/","title":{"rendered":"\u00c1ll\u00e1saj\u00e1nlatok"},"content":{"rendered":"<p>K\u00e9rem tekintse meg aktu\u00e1lis \u00e1ll\u00e1saj\u00e1nlatainak. Amennyiben valamelyik felkeltette \u00e9rdekl\u0151d\u00e9s\u00e9t, k\u00e9rem motiv\u00e1ci\u00f3s level\u00e9t \u00e9s szakmai \u00f6n\u00e9letraj\u00e1t juttassa el hozz\u00e1nk <a href=\"https:\/\/medyag.hu\/wp-content\/uploads\/2019\/09\/medyag_hr.jpg\" target=\"_blank\" rel=\"noopener noreferrer\">e-mailben<\/a>, vagy postai \u00faton. Tov\u00e1bbi felvil\u00e1gos\u00edt\u00e1st az al\u00e1bbi telefonsz\u00e1mon kaphat: +36 20 419 7097<\/p>\n<ul>\n<li>Aktu\u00e1lisan nincs nyitott poz\u00edci\u00f3nk, k\u00e9rj\u00fck l\u00e1togasson vissza k\u00e9s\u0151bb&#8230;<\/li>\n<\/ul>\n\n\n<p><\/p>\n","protected":false},"excerpt":{"rendered":"<p>K\u00e9rem tekintse meg aktu\u00e1lis \u00e1ll\u00e1saj\u00e1nlatainak. Amennyiben valamelyik felkeltette \u00e9rdekl\u0151d\u00e9s\u00e9t, k\u00e9rem motiv\u00e1ci\u00f3s level\u00e9t \u00e9s szakmai \u00f6n\u00e9letraj\u00e1t juttassa el hozz\u00e1nk e-mailben, vagy postai \u00faton. Tov\u00e1bbi felvil\u00e1gos\u00edt\u00e1st az al\u00e1bbi telefonsz\u00e1mon kaphat: +36 20 419 7097 Aktu\u00e1lisan nincs nyitott poz\u00edci\u00f3nk, k\u00e9rj\u00fck l\u00e1togasson vissza k\u00e9s\u0151bb&#8230;<\/p>\n","protected":false},"author":1,"featured_media":0,"parent":0,"menu_order":0,"comment_status":"closed","ping_status":"closed","template":"","meta":{"footnotes":""},"class_list":["post-396","page","type-page","status-publish","czr-hentry"],"_links":{"self":[{"href":"https:\/\/medyag.hu\/index.php\/wp-json\/wp\/v2\/pages\/396","targetHints":{"allow":["GET"]}}],"collection":[{"href":"https:\/\/medyag.hu\/index.php\/wp-json\/wp\/v2\/pages"}],"about":[{"href":"https:\/\/medyag.hu\/index.php\/wp-json\/wp\/v2\/types\/page"}],"author":[{"embeddable":true,"href":"https:\/\/medyag.hu\/index.php\/wp-json\/wp\/v2\/users\/1"}],"replies":[{"embeddable":true,"href":"https:\/\/medyag.hu\/index.php\/wp-json\/wp\/v2\/comments?post=396"}],"version-history":[{"count":12,"href":"https:\/\/medyag.hu\/index.php\/wp-json\/wp\/v2\/pages\/396\/revisions"}],"predecessor-version":[{"id":597,"href":"https:\/\/medyag.hu\/index.php\/wp-json\/wp\/v2\/pages\/396\/revisions\/597"}],"wp:attachment":[{"href":"https:\/\/medyag.hu\/index.php\/wp-json\/wp\/v2\/media?parent=396"}],"curies":[{"name":"wp","href":"https:\/\/api.w.org\/{rel}","templated":true}]}}