{"id":36,"date":"2012-08-02T10:06:53","date_gmt":"2012-08-02T10:06:53","guid":{"rendered":"http:\/\/medyag.hu\/index.php\/ujbemutatkozas\/"},"modified":"2026-03-17T08:44:43","modified_gmt":"2026-03-17T08:44:43","slug":"ujbemutatkozas","status":"publish","type":"page","link":"https:\/\/medyag.hu\/index.php\/ujbemutatkozas\/","title":{"rendered":"Bemutatkoz\u00e1s"},"content":{"rendered":"<h4 style=\"text-align: left;\"><strong>Sejtter\u00e1pia Laborat\u00f3rium \u00e9s Min\u0151s\u00e9gellen\u0151rz\u0151 Laborat\u00f3rium<\/strong><\/h4>\n<p><img loading=\"lazy\" decoding=\"async\" class=\" alignright size-full wp-image-34\" style=\"padding-left: 15px;\" src=\"https:\/\/medyag.hu\/wp-content\/uploads\/2012\/08\/bem001.jpg\" alt=\"\" width=\"300\" height=\"200\" align=\"right\" border=\"0\" \/><\/p>\n<p style=\"margin-bottom: 0cm;\">A MEDYAG Kft. Sejtter\u00e1pia Laborat\u00f3riuma \u00e9s Min\u0151s\u00e9gellen\u0151rz\u0151 Laborat\u00f3riuma a szervezet debreceni sz\u00e9khely\u00e9n m\u0171k\u00f6dik.<\/p>\n<p>A Sejtter\u00e1pia Laborat\u00f3rium k\u00fcldet\u00e9se, hogy a legmodernebb, ma m\u00e9g k\u00fclf\u00f6ld\u00f6n is csak r\u00e9szben, vagy egy\u00e1ltal\u00e1n nem el\u00e9rhet\u0151 sejtter\u00e1pi\u00e1s elj\u00e1r\u00e1sok a hazai klinikai gyakorlat term\u00e9szetes r\u00e9sz\u00e9v\u00e9 v\u00e1ljanak.<\/p>\n<p style=\"margin-bottom: 0cm;\">A debreceni laborat\u00f3rium a Debreceni Egyetem Orvos- \u00e9s Eg\u00e9szs\u00e9gtudom\u00e1nyi Centrummal (DEOEC) t\u00f6rt\u00e9n\u0151 \u00e9s sz\u00e1mos ter\u00fcletre kiterjed\u0151 kutat\u00e1s-fejleszt\u00e9si tev\u00e9kenys\u00e9g eredm\u00e9nyek\u00e9ppen j\u00f6tt l\u00e9tre 2003. m\u00e1jus\u00e1ban.<\/p>\n<p>A Debreceni Egyetem Klinikai K\u00f6zpont meghat\u00e1roz\u00f3 szerepet j\u00e1tszik az alap- \u00e9s a c\u00e9lzott alkalmazott-kutat\u00e1sok eredm\u00e9nyeinek klinikumba t\u00f6rt\u00e9n\u0151 bevezet\u00e9s\u00e9ben. Kiemelked\u0151 gy\u00f3gy\u00edt\u00f3 \u00e9s oktat\u00e1si h\u00e1ttere, valamint kit\u0171n\u0151 nemzetk\u00f6zi kapcsolatai r\u00e9v\u00e9n a honi alkalmazott gy\u00f3gy\u00e1szati fejleszt\u00e9s \u00e9lvonal\u00e1ba tartozik.<\/p>\n<p>A Sejtter\u00e1pia Laborat\u00f3rium m\u00e1ra az immunbiol\u00f3giai kutat\u00e1s-fejleszt\u00e9s egyik vezet\u0151 hazai laborat\u00f3rium\u00e1v\u00e1 v\u00e1lt. Sz\u00e9lesk\u00f6r\u0171 tapasztalatokat szerzett a k\u00fcl\u00f6nb\u00f6z\u0151 ter\u00e1pi\u00e1s k\u00e9sz\u00edtm\u00e9nyek legszigor\u00fabb nemzetk\u00f6zi szabv\u00e1nyoknak \u00e9s el\u0151\u00edr\u00e1soknak megfelel\u0151 gy\u00e1rt\u00e1sa \u00e9s min\u0151s\u00e9gbiztos\u00edt\u00e1sa ter\u00e9n.<\/p>\n<p>A megfelel\u0151 min\u0151s\u00e9g\u0171 term\u00e9k el\u0151\u00e1ll\u00edt\u00e1s felt\u00e9tele a mindenkori gy\u00f3gyszergy\u00e1rt\u00e1si el\u0151\u00edr\u00e1sok \u00e9s JACIE ir\u00e1nyelvek betart\u00e1sa, ennek keret\u00e9ben a megfelel\u0151en k\u00e9pzett \u00e9s rendszeresen oktat\u00e1sokban r\u00e9szes\u00fcl\u0151 szem\u00e9lyzet, valid\u00e1lt gy\u00e1rt\u00e1si folyamatok, korszer\u0171, kvalifik\u00e1lt berendez\u00e9sek, illetve kalibr\u00e1lt eszk\u00f6z\u00f6k folyamatos biztos\u00edt\u00e1sa.<\/p>\n<p>A Min\u0151s\u00e9gellen\u0151rz\u0151 Laborat\u00f3rium a Nemzeti Akkredit\u00e1l\u00f3 Hat\u00f3s\u00e1g \u00e1ltal a NAH-1-1692\/2026 sz\u00e1mon akkredit\u00e1lt vizsg\u00e1l\u00f3laborat\u00f3rium.<\/p>\n<h4 style=\"text-align: left;\"><strong>M\u0171szaki vizsg\u00e1l\u00f3laborat\u00f3rium<\/strong><\/h4>\n<p><img loading=\"lazy\" decoding=\"async\" class=\" alignright size-full wp-image-35\" style=\"padding-left: 15px;\" src=\"https:\/\/medyag.hu\/wp-content\/uploads\/2012\/08\/bem002.jpg\" alt=\"\" width=\"267\" height=\"200\" align=\"right\" border=\"0\" \/><\/p>\n<p>A MEDYAG Kft. M\u0171szaki vizsg\u00e1l\u00f3laborat\u00f3riuma a szervezet buda\u00f6rsi telephely\u00e9n m\u0171k\u00f6dik. F\u0151 profilja gy\u00f3gyszeripari\/vegyipari berendez\u00e9sek helysz\u00edni vizsg\u00e1lata. A M\u0171szaki vizsg\u00e1l\u00f3laborat\u00f3rium szolg\u00e1ltat\u00e1sai k\u00f6z\u00fcl a h\u0151m\u00e9rs\u00e9klet- \u00e9s a p\u00e1raeloszl\u00e1s vizsg\u00e1latokat a Nemzeti Akkredit\u00e1l\u00f3 Hat\u00f3s\u00e1g \u00e1ltal NAH-1-0870\/2024 sz\u00e1mon akkredit\u00e1lt vizsg\u00e1l\u00f3laborat\u00f3riumk\u00e9nt, akkredit\u00e1lt st\u00e1tuszban v\u00e9gzi.<\/p>\n<p>A laborat\u00f3rium az MSZ EN ISO\/IEC 17025:2018 szabv\u00e1ny szerinti min\u0151s\u00e9gir\u00e1ny\u00edt\u00e1si rendszert m\u0171k\u00f6dtet.<\/p>\n<p>A laborat\u00f3rium munkat\u00e1rsai jelent\u0151s tapasztalatokat szereztek az eloszl\u00e1s vizsg\u00e1latok t\u00e1rgyk\u00f6r\u00e9be nem sorolhat\u00f3 \u00fan. tisztat\u00e9ri vizsg\u00e1latokkal (lamin\u00e1ris f\u00fclk\u00e9k, kl\u00edmarendszerek \u00e9s a tisztaterek min\u0151s\u00edt\u00e9s\u00e9hez sz\u00fcks\u00e9ges r\u00e9szvizsg\u00e1latokkal) kapcsolatban is.<\/p>\n<p>A laborat\u00f3rium a vizsg\u00e1latokon k\u00edv\u00fcl a \u00a0valid\u00e1l\u00e1si szaktan\u00e1csad\u00e1ssal, min\u0151s\u00e9g\u00fcgyi rendszerek (GMP, ISO 17025, ISO 9001) fel\u00fclvizsg\u00e1lat\u00e1val, valamint biol\u00f3giai biztons\u00e1gi laborat\u00f3rium (BSL) rendszerek fel\u00fclvizsg\u00e1lat\u00e1val \u00e9s oktat\u00e1si tev\u00e9kenys\u00e9ggel (kvalifik\u00e1l\u00e1s, min\u0151s\u00e9gir\u00e1ny\u00edt\u00e1si rendszerek kialak\u00edt\u00e1sa, fejleszt\u00e9se) is partnerei rendelkez\u00e9s\u00e9re \u00e1ll.<\/p>\n<p style=\"font-weight: 400;\"><span data-ogsc=\"rgb(56, 86, 35)\"><strong>Kalibr\u00e1l\u00f3 laborat\u00f3rium<\/strong><\/span><\/p>\n<p style=\"font-weight: 400;\"><span data-ogsc=\"rgb(56, 86, 35)\">A MEDYAG Kft. Kalibr\u00e1l\u00f3 laborat\u00f3riuma a szervezet buda\u00f6rsi telephely\u00e9n m\u0171k\u00f6dik. F\u0151 profilja a m\u00e9r\u0151eszk\u00f6z\u00f6k laborat\u00f3riumi \u00e9s helysz\u00edni kalibr\u00e1l\u00e1sa.<\/span><\/p>\n<p style=\"font-weight: 400;\"><span data-ogsc=\"rgb(56, 86, 35)\">A laborat\u00f3rium az MSZ EN ISO\/IEC 17025:2018 szabv\u00e1ny szerinti min\u0151s\u00e9gir\u00e1ny\u00edt\u00e1si rendszert m\u0171k\u00f6dtet.<\/span><\/p>\n\n\n<div class=\"wp-block-buttons is-layout-flex wp-block-buttons-is-layout-flex\">\n<div class=\"wp-block-button\"><a class=\"wp-block-button__link wp-element-button\" href=\"https:\/\/medyag.hu\/wp-content\/uploads\/2024\/04\/Nemek-Kozotti-Eselyegyenloseget-Tamogato-Terv-MEDYAG-NKETT-2.pdf\">Nemi Egyenl\u0151s\u00e9gi Terv<\/a><\/div>\n<\/div>\n","protected":false},"excerpt":{"rendered":"<p>Sejtter\u00e1pia Laborat\u00f3rium \u00e9s Min\u0151s\u00e9gellen\u0151rz\u0151 Laborat\u00f3rium A MEDYAG Kft. Sejtter\u00e1pia Laborat\u00f3riuma \u00e9s Min\u0151s\u00e9gellen\u0151rz\u0151 Laborat\u00f3riuma a szervezet debreceni sz\u00e9khely\u00e9n m\u0171k\u00f6dik. A Sejtter\u00e1pia Laborat\u00f3rium k\u00fcldet\u00e9se, hogy a legmodernebb, ma m\u00e9g k\u00fclf\u00f6ld\u00f6n is csak r\u00e9szben, vagy egy\u00e1ltal\u00e1n nem el\u00e9rhet\u0151 sejtter\u00e1pi\u00e1s elj\u00e1r\u00e1sok a hazai klinikai gyakorlat term\u00e9szetes r\u00e9sz\u00e9v\u00e9 v\u00e1ljanak. A debreceni laborat\u00f3rium a Debreceni Egyetem Orvos- \u00e9s Eg\u00e9szs\u00e9gtudom\u00e1nyi Centrummal (DEOEC) [&hellip;]<\/p>\n","protected":false},"author":1,"featured_media":34,"parent":0,"menu_order":18,"comment_status":"closed","ping_status":"closed","template":"","meta":{"footnotes":""},"class_list":["post-36","page","type-page","status-publish","has-post-thumbnail","czr-hentry"],"_links":{"self":[{"href":"https:\/\/medyag.hu\/index.php\/wp-json\/wp\/v2\/pages\/36","targetHints":{"allow":["GET"]}}],"collection":[{"href":"https:\/\/medyag.hu\/index.php\/wp-json\/wp\/v2\/pages"}],"about":[{"href":"https:\/\/medyag.hu\/index.php\/wp-json\/wp\/v2\/types\/page"}],"author":[{"embeddable":true,"href":"https:\/\/medyag.hu\/index.php\/wp-json\/wp\/v2\/users\/1"}],"replies":[{"embeddable":true,"href":"https:\/\/medyag.hu\/index.php\/wp-json\/wp\/v2\/comments?post=36"}],"version-history":[{"count":25,"href":"https:\/\/medyag.hu\/index.php\/wp-json\/wp\/v2\/pages\/36\/revisions"}],"predecessor-version":[{"id":759,"href":"https:\/\/medyag.hu\/index.php\/wp-json\/wp\/v2\/pages\/36\/revisions\/759"}],"wp:featuredmedia":[{"embeddable":true,"href":"https:\/\/medyag.hu\/index.php\/wp-json\/wp\/v2\/media\/34"}],"wp:attachment":[{"href":"https:\/\/medyag.hu\/index.php\/wp-json\/wp\/v2\/media?parent=36"}],"curies":[{"name":"wp","href":"https:\/\/api.w.org\/{rel}","templated":true}]}}