{"id":352,"date":"2017-11-16T11:43:03","date_gmt":"2017-11-16T11:43:03","guid":{"rendered":"http:\/\/medyag.hu\/?page_id=352"},"modified":"2022-04-28T12:50:08","modified_gmt":"2022-04-28T12:50:08","slug":"mintavetel-mintaelokeszites","status":"publish","type":"page","link":"https:\/\/medyag.hu\/index.php\/mintavetel-mintaelokeszites\/","title":{"rendered":"Mintav\u00e9tel \u00e9s Mintael\u0151k\u00e9sz\u00edt\u00e9s"},"content":{"rendered":"<p>V\u00e1llaljuk a mintav\u00e9teli pontok meghat\u00e1roz\u00e1s\u00e1t \u00e9s mintav\u00e9telek kivitelez\u00e9s\u00e9t, amennyiben a megrendel\u0151 rendelkez\u00e9s\u00fcnkre bocs\u00e1tja a vizsg\u00e1lattal kapcsolatos elv\u00e1r\u00e1srendj\u00e9t, megadja a r\u00e9szletes<\/p>\n<p><img loading=\"lazy\" decoding=\"async\" class=\"size-medium wp-image-363 alignright\" src=\"https:\/\/medyag.hu\/wp-content\/uploads\/2017\/11\/IMG_5489-e1510904075484-225x300.jpg\" alt=\"\" width=\"225\" height=\"300\" srcset=\"https:\/\/medyag.hu\/wp-content\/uploads\/2017\/11\/IMG_5489-e1510904075484-225x300.jpg 225w, https:\/\/medyag.hu\/wp-content\/uploads\/2017\/11\/IMG_5489-e1510904075484-768x1024.jpg 768w\" sizes=\"auto, (max-width: 225px) 100vw, 225px\" \/><\/p>\n<p>helysz\u00ednrajzot, valamint a felhaszn\u00e1land\u00f3 anyagok list\u00e1j\u00e1t, sz\u00fcks\u00e9g szerint az anyagok biztons\u00e1gtechnikai adatlapjait.<\/p>\n<p>Saj\u00e1t \u00e9s megb\u00edz\u00f3ink r\u00e9sz\u00e9re elv\u00e9gzett mintav\u00e9telez\u00e9s \u00e9s a mint\u00e1k el\u0151k\u00e9sz\u00edt\u00e9se minden esetben egyedi mintav\u00e9teli terv alapj\u00e1n t\u00f6rt\u00e9nik.<\/p>\n<p>A mintav\u00e9teli terv elk\u00e9sz\u00edt\u00e9sekor figyelembe vessz\u00fck a megfelel\u0151 statisztikai m\u00f3dszereket \u00e9s az aktu\u00e1lis szakmai ir\u00e1nyelveket, illetve a megb\u00edz\u00f3ink konkr\u00e9t ig\u00e9nyeit. A mintav\u00e9teli terv kidolgoz\u00e1sakor nagy hangs\u00falyt fektet\u00fcnk arra, hogy az ellen\u0151rz\u00e9s alatt tartand\u00f3 t\u00e9nyez\u0151ket \u00e9s param\u00e9tereket folyamatosan \u201ek\u00e9zben tartsuk\u201d, tov\u00e1bb\u00e1, hogy a mintav\u00e9tel\/mintael\u0151k\u00e9sz\u00edt\u00e9s ne befoly\u00e1solja a vizsg\u00e1lati eredm\u00e9nyek \u00e9rv\u00e9nyess\u00e9g\u00e9t.<\/p>\n<p>A mint\u00e1kat az erre rendszeres\u00edtett z\u00e1rt mintat\u00e1rol\u00f3kban adjuk \u00e1t megrendel\u0151ink r\u00e9sz\u00e9re.<\/p>\n<p><img loading=\"lazy\" decoding=\"async\" class=\"size-medium wp-image-358 alignright\" src=\"https:\/\/medyag.hu\/wp-content\/uploads\/2017\/11\/IMG_5427-e1510832976451-225x300.jpg\" alt=\"\" width=\"225\" height=\"300\" srcset=\"https:\/\/medyag.hu\/wp-content\/uploads\/2017\/11\/IMG_5427-e1510832976451-225x300.jpg 225w, https:\/\/medyag.hu\/wp-content\/uploads\/2017\/11\/IMG_5427-e1510832976451-768x1024.jpg 768w\" sizes=\"auto, (max-width: 225px) 100vw, 225px\" \/><\/p>\n<p>Mintav\u00e9teli\/mintael\u0151k\u00e9sz\u00edt\u00e9si tev\u00e9kenys\u00e9g\u00fcnket az al\u00e1bbi ter\u00fcleteken v\u00e9gezz\u00fck:<\/p>\n<ul>\n<li>Helysz\u00edni k\u00f6rnyezeti leveg\u0151 mintav\u00e9tel mikrobiol\u00f3giai vizsg\u00e1latokhoz,<\/li>\n<li>Helysz\u00edni k\u00f6rnyezeti leveg\u0151 mintav\u00e9tel fizikai r\u00e9szecskeszennyezetts\u00e9g meghat\u00e1roz\u00e1s\u00e1hoz,<\/li>\n<li>Fel\u00fcleti mint\u00e1k v\u00e9tele mikrobiol\u00f3giai vizsg\u00e1latokhoz,<\/li>\n<li>Hum\u00e1n mint\u00e1k v\u00e9tele biol\u00f3giai vizsg\u00e1latokhoz,<\/li>\n<li>V\u00edzkezel\u00e9si technol\u00f3giai vizek mintav\u00e9tele fizikai, k\u00e9miai, biol\u00f3giai vizsg\u00e1latokhoz,<\/li>\n<li>HAG-vizsg\u00e1lati mint\u00e1k el\u0151k\u00e9sz\u00edt\u00e9se,<\/li>\n<li>Vizsg\u00e1lati mintaoldatok, t\u00e1poldatok \u00e9s pufferoldatok mintael\u0151k\u00e9sz\u00edt\u00e9se,<\/li>\n<li>Sejtter\u00e1pi\u00e1s k\u00e9sz\u00edtm\u00e9nyek mintav\u00e9tele mikrobiol\u00f3giai vizsg\u00e1latokhoz,<\/li>\n<li>Sejtter\u00e1pi\u00e1s k\u00e9sz\u00edtm\u00e9nyek mintav\u00e9tele min\u0151s\u00e9gellen\u0151rz\u0151 vizsg\u00e1latokhoz,<\/li>\n<li>Speci\u00e1lis biol\u00f3giai k\u00e9sz\u00edtm\u00e9nyek mintav\u00e9tele mikrobiol\u00f3giai vizsg\u00e1latokhoz<\/li>\n<li>Speci\u00e1lis biol\u00f3giai k\u00e9sz\u00edtm\u00e9nyek mintav\u00e9tele min\u0151s\u00e9gellen\u0151rz\u0151 vizsg\u00e1latokhoz,<\/li>\n<li>Fert\u0151tlen\u00edt\u0151szerekb\u0151l, illetve egy\u00e9b oldatokb\u00f3l t\u00f6rt\u00e9n\u0151 mintav\u00e9tel mikrobiol\u00f3giai \u00e9s fizikai, k\u00e9miai vizsg\u00e1latokhoz.<\/li>\n<\/ul>\n<p>Kapcsolatfelv\u00e9tel:<\/p>\n<p>Hazafi Mikl\u00f3s, operat\u00edv \u00e9s min\u0151s\u00e9gir\u00e1ny\u00edt\u00e1si igazgat\u00f3<\/p>\n<p>E-mail: medyag@medyag.hu<\/p>\n<p>Mobil: +36 20\u00a0419 7060<\/p>\n","protected":false},"excerpt":{"rendered":"<p>V\u00e1llaljuk a mintav\u00e9teli pontok meghat\u00e1roz\u00e1s\u00e1t \u00e9s mintav\u00e9telek kivitelez\u00e9s\u00e9t, amennyiben a megrendel\u0151 rendelkez\u00e9s\u00fcnkre bocs\u00e1tja a vizsg\u00e1lattal kapcsolatos elv\u00e1r\u00e1srendj\u00e9t, megadja a r\u00e9szletes helysz\u00ednrajzot, valamint a felhaszn\u00e1land\u00f3 anyagok list\u00e1j\u00e1t, sz\u00fcks\u00e9g szerint az anyagok biztons\u00e1gtechnikai adatlapjait. Saj\u00e1t \u00e9s megb\u00edz\u00f3ink r\u00e9sz\u00e9re elv\u00e9gzett mintav\u00e9telez\u00e9s \u00e9s a mint\u00e1k el\u0151k\u00e9sz\u00edt\u00e9se minden esetben egyedi mintav\u00e9teli terv alapj\u00e1n t\u00f6rt\u00e9nik. A mintav\u00e9teli terv elk\u00e9sz\u00edt\u00e9sekor figyelembe vessz\u00fck [&hellip;]<\/p>\n","protected":false},"author":2,"featured_media":0,"parent":0,"menu_order":0,"comment_status":"closed","ping_status":"closed","template":"","meta":{"footnotes":""},"class_list":["post-352","page","type-page","status-publish","czr-hentry"],"_links":{"self":[{"href":"https:\/\/medyag.hu\/index.php\/wp-json\/wp\/v2\/pages\/352","targetHints":{"allow":["GET"]}}],"collection":[{"href":"https:\/\/medyag.hu\/index.php\/wp-json\/wp\/v2\/pages"}],"about":[{"href":"https:\/\/medyag.hu\/index.php\/wp-json\/wp\/v2\/types\/page"}],"author":[{"embeddable":true,"href":"https:\/\/medyag.hu\/index.php\/wp-json\/wp\/v2\/users\/2"}],"replies":[{"embeddable":true,"href":"https:\/\/medyag.hu\/index.php\/wp-json\/wp\/v2\/comments?post=352"}],"version-history":[{"count":10,"href":"https:\/\/medyag.hu\/index.php\/wp-json\/wp\/v2\/pages\/352\/revisions"}],"predecessor-version":[{"id":530,"href":"https:\/\/medyag.hu\/index.php\/wp-json\/wp\/v2\/pages\/352\/revisions\/530"}],"wp:attachment":[{"href":"https:\/\/medyag.hu\/index.php\/wp-json\/wp\/v2\/media?parent=352"}],"curies":[{"name":"wp","href":"https:\/\/api.w.org\/{rel}","templated":true}]}}