{"id":326,"date":"2017-03-02T15:47:34","date_gmt":"2017-03-02T15:47:34","guid":{"rendered":"http:\/\/medyag.hu\/?page_id=326"},"modified":"2020-06-15T09:30:32","modified_gmt":"2020-06-15T09:30:32","slug":"muszaki-vizsgalo-laboratorium","status":"publish","type":"page","link":"https:\/\/medyag.hu\/index.php\/muszaki-vizsgalo-laboratorium\/","title":{"rendered":"M\u0171szaki vizsg\u00e1l\u00f3laborat\u00f3rium"},"content":{"rendered":"<p><span style=\"color: #3333ff;\"><span style=\"color: #006600;\"><img loading=\"lazy\" decoding=\"async\" class=\"size-medium wp-image-310 alignright\" src=\"https:\/\/medyag.hu\/wp-content\/uploads\/2017\/03\/MVL-nyi\u0301to\u0301-300x225.png\" alt=\"\" width=\"300\" height=\"225\" srcset=\"https:\/\/medyag.hu\/wp-content\/uploads\/2017\/03\/MVL-nyi\u0301to\u0301-300x225.png 300w, https:\/\/medyag.hu\/wp-content\/uploads\/2017\/03\/MVL-nyi\u0301to\u0301.png 400w\" sizes=\"auto, (max-width: 300px) 100vw, 300px\" \/>Gy\u00f3gyszeripari \u00e9s laborat\u00f3riumi berendez\u00e9sek m\u0171szaki vizsg\u00e1lata (kvalifik\u00e1l\u00e1sa), m\u00e9r\u0151eszk\u00f6z\u00f6k<\/span><\/span><span style=\"color: #006600; font-weight: inherit;\">kalibr\u00e1l\u00e1sa az MSZ EN ISO\/IEC 17025:2018 szabv\u00e1nyk\u00f6vetelm\u00e9nyek figyelembev\u00e9tel\u00e9vel.&nbsp;<\/span><\/p>\n","protected":false},"excerpt":{"rendered":"<p>Gy\u00f3gyszeripari \u00e9s laborat\u00f3riumi berendez\u00e9sek m\u0171szaki vizsg\u00e1lata (kvalifik\u00e1l\u00e1sa), m\u00e9r\u0151eszk\u00f6z\u00f6kkalibr\u00e1l\u00e1sa az MSZ EN ISO\/IEC 17025:2018 szabv\u00e1nyk\u00f6vetelm\u00e9nyek figyelembev\u00e9tel\u00e9vel.&nbsp;<\/p>\n","protected":false},"author":1,"featured_media":24,"parent":0,"menu_order":0,"comment_status":"closed","ping_status":"closed","template":"","meta":{"footnotes":""},"class_list":["post-326","page","type-page","status-publish","has-post-thumbnail","czr-hentry"],"_links":{"self":[{"href":"https:\/\/medyag.hu\/index.php\/wp-json\/wp\/v2\/pages\/326","targetHints":{"allow":["GET"]}}],"collection":[{"href":"https:\/\/medyag.hu\/index.php\/wp-json\/wp\/v2\/pages"}],"about":[{"href":"https:\/\/medyag.hu\/index.php\/wp-json\/wp\/v2\/types\/page"}],"author":[{"embeddable":true,"href":"https:\/\/medyag.hu\/index.php\/wp-json\/wp\/v2\/users\/1"}],"replies":[{"embeddable":true,"href":"https:\/\/medyag.hu\/index.php\/wp-json\/wp\/v2\/comments?post=326"}],"version-history":[{"count":3,"href":"https:\/\/medyag.hu\/index.php\/wp-json\/wp\/v2\/pages\/326\/revisions"}],"predecessor-version":[{"id":457,"href":"https:\/\/medyag.hu\/index.php\/wp-json\/wp\/v2\/pages\/326\/revisions\/457"}],"wp:featuredmedia":[{"embeddable":true,"href":"https:\/\/medyag.hu\/index.php\/wp-json\/wp\/v2\/media\/24"}],"wp:attachment":[{"href":"https:\/\/medyag.hu\/index.php\/wp-json\/wp\/v2\/media?parent=326"}],"curies":[{"name":"wp","href":"https:\/\/api.w.org\/{rel}","templated":true}]}}