{"id":323,"date":"2017-03-02T15:43:58","date_gmt":"2017-03-02T15:43:58","guid":{"rendered":"http:\/\/medyag.hu\/?page_id=323"},"modified":"2022-03-16T13:18:26","modified_gmt":"2022-03-16T13:18:26","slug":"minosegellenorzo-laboratorium-2","status":"publish","type":"page","link":"https:\/\/medyag.hu\/index.php\/minosegellenorzo-laboratorium-2\/","title":{"rendered":"Min\u0151s\u00e9gellen\u0151rz\u0151 laborat\u00f3rium"},"content":{"rendered":"<p><span style=\"color: #ff6600;\"><img loading=\"lazy\" decoding=\"async\" class=\"size-medium wp-image-264 alignright\" src=\"https:\/\/medyag.hu\/wp-content\/uploads\/2012\/08\/Screen-Shot-2017-02-27-at-11.08.23-AM-300x225.png\" alt=\"\" width=\"300\" height=\"225\" srcset=\"https:\/\/medyag.hu\/wp-content\/uploads\/2012\/08\/Screen-Shot-2017-02-27-at-11.08.23-AM-300x225.png 300w, https:\/\/medyag.hu\/wp-content\/uploads\/2012\/08\/Screen-Shot-2017-02-27-at-11.08.23-AM-768x576.png 768w, https:\/\/medyag.hu\/wp-content\/uploads\/2012\/08\/Screen-Shot-2017-02-27-at-11.08.23-AM.png 900w\" sizes=\"auto, (max-width: 300px) 100vw, 300px\" \/>Sejtter\u00e1pi\u00e1s term\u00e9kek \u00e9s vakcin\u00e1k min\u0151s\u00e9gellen\u0151rz\u0151 vizsg\u00e1latai<br \/>\n<\/span><span style=\"color: #ff6600;\">a Helyes Gy\u00f3gyszergy\u00e1rt\u00e1si Gyakorlat (GMP) \u00e9s az MSZ EN ISO\/IEC 17025:2018 szabv\u00e1nyk\u00f6vetelm\u00e9nyek figyelembev\u00e9tel\u00e9vel.<\/span><\/p>\n","protected":false},"excerpt":{"rendered":"<p>Sejtter\u00e1pi\u00e1s term\u00e9kek \u00e9s vakcin\u00e1k min\u0151s\u00e9gellen\u0151rz\u0151 vizsg\u00e1latai a Helyes Gy\u00f3gyszergy\u00e1rt\u00e1si Gyakorlat (GMP) \u00e9s az MSZ EN ISO\/IEC 17025:2018 szabv\u00e1nyk\u00f6vetelm\u00e9nyek figyelembev\u00e9tel\u00e9vel.<\/p>\n","protected":false},"author":1,"featured_media":264,"parent":0,"menu_order":0,"comment_status":"closed","ping_status":"closed","template":"","meta":{"footnotes":""},"class_list":["post-323","page","type-page","status-publish","has-post-thumbnail","czr-hentry"],"_links":{"self":[{"href":"https:\/\/medyag.hu\/index.php\/wp-json\/wp\/v2\/pages\/323","targetHints":{"allow":["GET"]}}],"collection":[{"href":"https:\/\/medyag.hu\/index.php\/wp-json\/wp\/v2\/pages"}],"about":[{"href":"https:\/\/medyag.hu\/index.php\/wp-json\/wp\/v2\/types\/page"}],"author":[{"embeddable":true,"href":"https:\/\/medyag.hu\/index.php\/wp-json\/wp\/v2\/users\/1"}],"replies":[{"embeddable":true,"href":"https:\/\/medyag.hu\/index.php\/wp-json\/wp\/v2\/comments?post=323"}],"version-history":[{"count":3,"href":"https:\/\/medyag.hu\/index.php\/wp-json\/wp\/v2\/pages\/323\/revisions"}],"predecessor-version":[{"id":508,"href":"https:\/\/medyag.hu\/index.php\/wp-json\/wp\/v2\/pages\/323\/revisions\/508"}],"wp:featuredmedia":[{"embeddable":true,"href":"https:\/\/medyag.hu\/index.php\/wp-json\/wp\/v2\/media\/264"}],"wp:attachment":[{"href":"https:\/\/medyag.hu\/index.php\/wp-json\/wp\/v2\/media?parent=323"}],"curies":[{"name":"wp","href":"https:\/\/api.w.org\/{rel}","templated":true}]}}