{"id":319,"date":"2017-03-02T15:34:56","date_gmt":"2017-03-02T15:34:56","guid":{"rendered":"http:\/\/medyag.hu\/?page_id=319"},"modified":"2020-06-09T12:32:30","modified_gmt":"2020-06-09T12:32:30","slug":"sejtterapia-laboratorium","status":"publish","type":"page","link":"https:\/\/medyag.hu\/index.php\/sejtterapia-laboratorium\/","title":{"rendered":"Sejtter\u00e1pia laborat\u00f3rium"},"content":{"rendered":"<p><img loading=\"lazy\" decoding=\"async\" class=\"size-full wp-image-429 alignright\" src=\"https:\/\/medyag.hu\/wp-content\/uploads\/2020\/06\/sejtterapia-laboratorium.jpg\" alt=\"\" width=\"329\" height=\"167\" srcset=\"https:\/\/medyag.hu\/wp-content\/uploads\/2020\/06\/sejtterapia-laboratorium.jpg 329w, https:\/\/medyag.hu\/wp-content\/uploads\/2020\/06\/sejtterapia-laboratorium-300x152.jpg 300w\" sizes=\"auto, (max-width: 329px) 100vw, 329px\" \/>A Sejtter\u00e1pia Laborat\u00f3rium t\u00f6bb\u00e9ves, sz\u00e1mos ter\u00fcletre kiterjed\u0151 kutat\u00e1s-fejleszt\u00e9si tev\u00e9kenys\u00e9g eredm\u00e9nyek\u00e9ppen j\u00f6tt l\u00e9tre 2003 m\u00e1jus\u00e1ban, k\u00fcldet\u00e9se, hogy a legmodernebb, ma m\u00e9g k\u00fclf\u00f6ld\u00f6n is csak r\u00e9szben, vagy egy\u00e1ltal\u00e1n nem el\u00e9rhet\u0151 sejtter\u00e1pi\u00e1s elj\u00e1r\u00e1sok a hazai klinikai gyakorlat term\u00e9szetes r\u00e9sz\u00e9v\u00e9 v\u00e1ljanak.<\/p>\n<p>A Sejtter\u00e1pia Laborat\u00f3rium t\u00f6bb mint t\u00edz\u00e9ves fenn\u00e1ll\u00e1sa alatt az immunbiol\u00f3giai kutat\u00e1s-fejleszt\u00e9s egyik vezet\u0151j\u00e9v\u00e9 v\u00e1lt, sz\u00e9lesk\u00f6r\u0171 tapasztalatokat szerezve a k\u00fcl\u00f6nb\u00f6z\u0151 ter\u00e1pi\u00e1s k\u00e9sz\u00edtm\u00e9nyek legszigor\u00fabb nemzetk\u00f6zi szabv\u00e1nyoknak \u00e9s el\u0151\u00edr\u00e1soknak megfelel\u0151 gy\u00e1rt\u00e1sa \u00e9s min\u0151s\u00e9gbiztos\u00edt\u00e1sa ter\u00e9n.<\/p>\n<p><a href=\"https:\/\/medyag.hu\/index.php\/jacie-akkreditacio\/\">JACIE akkredit\u00e1ci\u00f3<\/a><\/p>\n","protected":false},"excerpt":{"rendered":"<p>A Sejtter\u00e1pia Laborat\u00f3rium t\u00f6bb\u00e9ves, sz\u00e1mos ter\u00fcletre kiterjed\u0151 kutat\u00e1s-fejleszt\u00e9si tev\u00e9kenys\u00e9g eredm\u00e9nyek\u00e9ppen j\u00f6tt l\u00e9tre 2003 m\u00e1jus\u00e1ban, k\u00fcldet\u00e9se, hogy a legmodernebb, ma m\u00e9g k\u00fclf\u00f6ld\u00f6n is csak r\u00e9szben, vagy egy\u00e1ltal\u00e1n nem el\u00e9rhet\u0151 sejtter\u00e1pi\u00e1s elj\u00e1r\u00e1sok a hazai klinikai gyakorlat term\u00e9szetes r\u00e9sz\u00e9v\u00e9 v\u00e1ljanak. A Sejtter\u00e1pia Laborat\u00f3rium t\u00f6bb mint t\u00edz\u00e9ves fenn\u00e1ll\u00e1sa alatt az immunbiol\u00f3giai kutat\u00e1s-fejleszt\u00e9s egyik vezet\u0151j\u00e9v\u00e9 v\u00e1lt, sz\u00e9lesk\u00f6r\u0171 tapasztalatokat szerezve a [&hellip;]<\/p>\n","protected":false},"author":1,"featured_media":265,"parent":0,"menu_order":0,"comment_status":"closed","ping_status":"closed","template":"","meta":{"footnotes":""},"class_list":["post-319","page","type-page","status-publish","has-post-thumbnail","czr-hentry"],"_links":{"self":[{"href":"https:\/\/medyag.hu\/index.php\/wp-json\/wp\/v2\/pages\/319","targetHints":{"allow":["GET"]}}],"collection":[{"href":"https:\/\/medyag.hu\/index.php\/wp-json\/wp\/v2\/pages"}],"about":[{"href":"https:\/\/medyag.hu\/index.php\/wp-json\/wp\/v2\/types\/page"}],"author":[{"embeddable":true,"href":"https:\/\/medyag.hu\/index.php\/wp-json\/wp\/v2\/users\/1"}],"replies":[{"embeddable":true,"href":"https:\/\/medyag.hu\/index.php\/wp-json\/wp\/v2\/comments?post=319"}],"version-history":[{"count":5,"href":"https:\/\/medyag.hu\/index.php\/wp-json\/wp\/v2\/pages\/319\/revisions"}],"predecessor-version":[{"id":439,"href":"https:\/\/medyag.hu\/index.php\/wp-json\/wp\/v2\/pages\/319\/revisions\/439"}],"wp:featuredmedia":[{"embeddable":true,"href":"https:\/\/medyag.hu\/index.php\/wp-json\/wp\/v2\/media\/265"}],"wp:attachment":[{"href":"https:\/\/medyag.hu\/index.php\/wp-json\/wp\/v2\/media?parent=319"}],"curies":[{"name":"wp","href":"https:\/\/api.w.org\/{rel}","templated":true}]}}