{"id":31,"date":"2012-07-15T18:20:30","date_gmt":"2012-07-15T18:20:30","guid":{"rendered":"http:\/\/medyag.hu\/index.php\/mel-akkreditalasi-okirat\/"},"modified":"2026-03-30T08:03:52","modified_gmt":"2026-03-30T08:03:52","slug":"mel-akkreditalasi-okirat","status":"publish","type":"page","link":"https:\/\/medyag.hu\/index.php\/mel-akkreditalasi-okirat\/","title":{"rendered":"MEL  akkredit\u00e1l\u00e1si okirat"},"content":{"rendered":"<p>Min\u0151s\u00e9gellen\u0151rz\u0151 Laborat\u00f3rium akkredit\u00e1l\u00e1si okirat:<\/p>\n<p><img loading=\"lazy\" decoding=\"async\" class=\"aligncenter size-full wp-image-773\" src=\"https:\/\/medyag.hu\/wp-content\/uploads\/2026\/03\/NAH-okiratMEL-2026.png\" alt=\"\" width=\"645\" height=\"908\" srcset=\"https:\/\/medyag.hu\/wp-content\/uploads\/2026\/03\/NAH-okiratMEL-2026.png 645w, https:\/\/medyag.hu\/wp-content\/uploads\/2026\/03\/NAH-okiratMEL-2026-213x300.png 213w\" sizes=\"auto, (max-width: 645px) 100vw, 645px\" \/><\/p>\n<p>Min\u0151s\u00e9gellen\u0151rz\u0151 Laborat\u00f3rium r\u00e9szletez\u0151 okirat:<\/p>\n<p><img loading=\"lazy\" decoding=\"async\" class=\"aligncenter size-full wp-image-772\" src=\"https:\/\/medyag.hu\/wp-content\/uploads\/2026\/03\/NAH-reszletezo-okirat.png\" alt=\"\" width=\"642\" height=\"909\" srcset=\"https:\/\/medyag.hu\/wp-content\/uploads\/2026\/03\/NAH-reszletezo-okirat.png 642w, https:\/\/medyag.hu\/wp-content\/uploads\/2026\/03\/NAH-reszletezo-okirat-212x300.png 212w\" sizes=\"auto, (max-width: 642px) 100vw, 642px\" \/><\/p>\n","protected":false},"excerpt":{"rendered":"<p>Min\u0151s\u00e9gellen\u0151rz\u0151 Laborat\u00f3rium akkredit\u00e1l\u00e1si okirat: Min\u0151s\u00e9gellen\u0151rz\u0151 Laborat\u00f3rium r\u00e9szletez\u0151 okirat:<\/p>\n","protected":false},"author":1,"featured_media":0,"parent":0,"menu_order":20,"comment_status":"closed","ping_status":"closed","template":"","meta":{"footnotes":""},"class_list":["post-31","page","type-page","status-publish","czr-hentry"],"_links":{"self":[{"href":"https:\/\/medyag.hu\/index.php\/wp-json\/wp\/v2\/pages\/31","targetHints":{"allow":["GET"]}}],"collection":[{"href":"https:\/\/medyag.hu\/index.php\/wp-json\/wp\/v2\/pages"}],"about":[{"href":"https:\/\/medyag.hu\/index.php\/wp-json\/wp\/v2\/types\/page"}],"author":[{"embeddable":true,"href":"https:\/\/medyag.hu\/index.php\/wp-json\/wp\/v2\/users\/1"}],"replies":[{"embeddable":true,"href":"https:\/\/medyag.hu\/index.php\/wp-json\/wp\/v2\/comments?post=31"}],"version-history":[{"count":12,"href":"https:\/\/medyag.hu\/index.php\/wp-json\/wp\/v2\/pages\/31\/revisions"}],"predecessor-version":[{"id":774,"href":"https:\/\/medyag.hu\/index.php\/wp-json\/wp\/v2\/pages\/31\/revisions\/774"}],"wp:attachment":[{"href":"https:\/\/medyag.hu\/index.php\/wp-json\/wp\/v2\/media?parent=31"}],"curies":[{"name":"wp","href":"https:\/\/api.w.org\/{rel}","templated":true}]}}