{"id":28,"date":"2012-07-15T18:19:20","date_gmt":"2012-07-15T18:19:20","guid":{"rendered":"http:\/\/medyag.hu\/index.php\/mvl-akkreditalasi-okirat\/"},"modified":"2024-03-12T09:04:35","modified_gmt":"2024-03-12T09:04:35","slug":"mvl-akkreditalasi-okirat","status":"publish","type":"page","link":"https:\/\/medyag.hu\/index.php\/mvl-akkreditalasi-okirat\/","title":{"rendered":"MVL akkredit\u00e1l\u00e1si okirat"},"content":{"rendered":"<p>MVL Akkredit\u00e1l\u00e1si Okirat:<\/p>\n<p><img loading=\"lazy\" decoding=\"async\" class=\"alignnone\" src=\"https:\/\/medyag.hu\/wp-content\/uploads\/2024\/03\/MVL-Akkreditalasi-Okirat.jpg\" alt=\"\" width=\"759\" height=\"1072\" \/><\/p>\n<p>MVL R\u00e9szletez\u0151 Okirat:<\/p>\n<p><img loading=\"lazy\" decoding=\"async\" class=\"alignnone\" src=\"https:\/\/medyag.hu\/wp-content\/uploads\/2024\/03\/NAH-reszletezo-okirat-2024-MVL.jpg\" alt=\"\" width=\"750\" height=\"1057\" \/><\/p>\n","protected":false},"excerpt":{"rendered":"<p>MVL Akkredit\u00e1l\u00e1si Okirat: MVL R\u00e9szletez\u0151 Okirat:<\/p>\n","protected":false},"author":1,"featured_media":0,"parent":0,"menu_order":21,"comment_status":"closed","ping_status":"closed","template":"","meta":{"footnotes":""},"class_list":["post-28","page","type-page","status-publish","czr-hentry"],"_links":{"self":[{"href":"https:\/\/medyag.hu\/index.php\/wp-json\/wp\/v2\/pages\/28","targetHints":{"allow":["GET"]}}],"collection":[{"href":"https:\/\/medyag.hu\/index.php\/wp-json\/wp\/v2\/pages"}],"about":[{"href":"https:\/\/medyag.hu\/index.php\/wp-json\/wp\/v2\/types\/page"}],"author":[{"embeddable":true,"href":"https:\/\/medyag.hu\/index.php\/wp-json\/wp\/v2\/users\/1"}],"replies":[{"embeddable":true,"href":"https:\/\/medyag.hu\/index.php\/wp-json\/wp\/v2\/comments?post=28"}],"version-history":[{"count":7,"href":"https:\/\/medyag.hu\/index.php\/wp-json\/wp\/v2\/pages\/28\/revisions"}],"predecessor-version":[{"id":623,"href":"https:\/\/medyag.hu\/index.php\/wp-json\/wp\/v2\/pages\/28\/revisions\/623"}],"wp:attachment":[{"href":"https:\/\/medyag.hu\/index.php\/wp-json\/wp\/v2\/media?parent=28"}],"curies":[{"name":"wp","href":"https:\/\/api.w.org\/{rel}","templated":true}]}}