{"id":25,"date":"2012-07-12T23:01:02","date_gmt":"2012-07-12T23:01:02","guid":{"rendered":"http:\/\/medyag.hu\/index.php\/kalibralasok\/"},"modified":"2024-11-21T14:08:54","modified_gmt":"2024-11-21T14:08:54","slug":"kalibralasok","status":"publish","type":"page","link":"https:\/\/medyag.hu\/index.php\/kalibralasok\/","title":{"rendered":"Kalibr\u00e1l\u00e1sok"},"content":{"rendered":"<p><img loading=\"lazy\" decoding=\"async\" class=\" alignright size-full wp-image-24\" style=\"padding-left: 15px;\" src=\"https:\/\/medyag.hu\/wp-content\/uploads\/2012\/07\/kalibrls%20kp2.jpg\" alt=\"\" width=\"267\" height=\"200\" align=\"right\" border=\"0\" \/>Laborat\u00f3riumunk olyan kalibr\u00e1l\u00e1si m\u00f3dszereket \u00e9s elj\u00e1r\u00e1sokat alkalmaz, amelyek kiel\u00e9g\u00edtik a megb\u00edz\u00f3 ig\u00e9nyeit. A kalibr\u00e1l\u00e1sokat metrol\u00f3gus v\u00e9gzetts\u00e9g\u0171 munkat\u00e1rsak, a Nemzeti Akkredit\u00e1l\u00f3 Test\u00fclet NAR-18-VIII sz. aj\u00e1nl\u00e1s\u00e1nak figyelembev\u00e9tel\u00e9vel kialak\u00edtott kalibr\u00e1l\u00e1si elj\u00e1r\u00e1sok alapj\u00e1n v\u00e9gzik.<\/p>\n<p>Referencia \u00e9s haszn\u00e1lati etalonjaink a Magyar Kereskedelmi Enged\u00e9lyez\u00e9si Hivatal (kor\u00e1bbi nev\u00e9n: Orsz\u00e1gos M\u00e9r\u00e9s\u00fcgyi Hivatal) \u00e9s akkredit\u00e1lt kalibr\u00e1l\u00f3 laborat\u00f3riumok \u00e1ltal kalibr\u00e1ltak, \u00edgy a visszavezethet\u0151s\u00e9g biztos\u00edthat\u00f3, teh\u00e1t a kapott m\u00e9r\u00e9si eredm\u00e9nyek a kalibr\u00e1l\u00e1skor ismert pontoss\u00e1g\u00fa megszak\u00edtatlan \u00e9s \u00e9rv\u00e9nyes l\u00e1ncon kereszt\u00fcl visszavezethet\u0151k elfogadott (nemzeti\/nemzetk\u00f6zi) etalonokra.<\/p>\n<p>A kalibr\u00e1l\u00e1sokat a megb\u00edz\u00f3 \u00e1ltal ig\u00e9nyelt m\u00e9r\u00e9si pontokon v\u00e9gezz\u00fck.<\/p>\n<p>A kvalifik\u00e1l\u00f3 \u00e9s kalibr\u00e1l\u00f3 laborat\u00f3rium a k\u00f6vetkez\u0151 ORSZ\u00c1GOS ETALONOKRA VISSZAVEZETHET\u0150 kalibr\u00e1l\u00e1sokat v\u00e9gzi:<\/p>\n<ol>\n<li>\n<p>H\u0151m\u00e9rs\u00e9kletm\u00e9r\u0151 eszk\u00f6z\u00f6k kalibr\u00e1l\u00e1sa (-200\u00b0C \u2026 +250\u00b0C)<\/p>\n<\/li>\n<li>\n<p>Nyom\u00e1sm\u00e9r\u0151 eszk\u00f6z\u00f6k kalibr\u00e1l\u00e1sa (-1250 Pa \u2026 +1250 Pa; -1 bar \u2026 +19 bar (rel))<\/p>\n<\/li>\n<li>\n<p>Egy vagy t\u00f6bbcsatorn\u00e1s pipett\u00e1k kalibr\u00e1l\u00e1sa (1\u00b5l \u2026 10000\u00b5l)<\/p>\n<\/li>\n<li>\n<p>Leveg\u0151 mintavev\u0151 eszk\u00f6z\u00f6k kalibr\u00e1l\u00e1sa (20 &#8230; 2000 liter)<\/p>\n<\/li>\n<li>\n<p>L\u00e9gsebess\u00e9gm\u00e9r\u0151k kalibr\u00e1l\u00e1sa (0,1 &#8230; 1,5 m\/s)<\/p>\n<\/li>\n<li>\n<p>Fordulatsz\u00e1m m\u00e9r\u0151 eszk\u00f6z\u00f6k kalibr\u00e1l\u00e1sa (3 RPM \u2026 10000 RPM)<\/p>\n<\/li>\n<li>\n<p>P\u00e1ram\u00e9r\u0151k kalibr\u00e1l\u00e1sa (11,3 rH% \u2026 98 rH%)<\/p>\n<\/li>\n<li>\n<p>Id\u0151m\u00e9r\u0151 eszk\u00f6z\u00f6k kalibr\u00e1l\u00e1sa (0,00 &#8230; 35 999,99 sec)<\/p>\n<\/li>\n<\/ol>\n\n\n<p><\/p>\n","protected":false},"excerpt":{"rendered":"<p>Laborat\u00f3riumunk olyan kalibr\u00e1l\u00e1si m\u00f3dszereket \u00e9s elj\u00e1r\u00e1sokat alkalmaz, amelyek kiel\u00e9g\u00edtik a megb\u00edz\u00f3 ig\u00e9nyeit. A kalibr\u00e1l\u00e1sokat metrol\u00f3gus v\u00e9gzetts\u00e9g\u0171 munkat\u00e1rsak, a Nemzeti Akkredit\u00e1l\u00f3 Test\u00fclet NAR-18-VIII sz. aj\u00e1nl\u00e1s\u00e1nak figyelembev\u00e9tel\u00e9vel kialak\u00edtott kalibr\u00e1l\u00e1si elj\u00e1r\u00e1sok alapj\u00e1n v\u00e9gzik. Referencia \u00e9s haszn\u00e1lati etalonjaink a Magyar Kereskedelmi Enged\u00e9lyez\u00e9si Hivatal (kor\u00e1bbi nev\u00e9n: Orsz\u00e1gos M\u00e9r\u00e9s\u00fcgyi Hivatal) \u00e9s akkredit\u00e1lt kalibr\u00e1l\u00f3 laborat\u00f3riumok \u00e1ltal kalibr\u00e1ltak, \u00edgy a visszavezethet\u0151s\u00e9g biztos\u00edthat\u00f3, teh\u00e1t [&hellip;]<\/p>\n","protected":false},"author":1,"featured_media":24,"parent":0,"menu_order":24,"comment_status":"closed","ping_status":"closed","template":"","meta":{"footnotes":""},"class_list":["post-25","page","type-page","status-publish","has-post-thumbnail","czr-hentry"],"_links":{"self":[{"href":"https:\/\/medyag.hu\/index.php\/wp-json\/wp\/v2\/pages\/25","targetHints":{"allow":["GET"]}}],"collection":[{"href":"https:\/\/medyag.hu\/index.php\/wp-json\/wp\/v2\/pages"}],"about":[{"href":"https:\/\/medyag.hu\/index.php\/wp-json\/wp\/v2\/types\/page"}],"author":[{"embeddable":true,"href":"https:\/\/medyag.hu\/index.php\/wp-json\/wp\/v2\/users\/1"}],"replies":[{"embeddable":true,"href":"https:\/\/medyag.hu\/index.php\/wp-json\/wp\/v2\/comments?post=25"}],"version-history":[{"count":2,"href":"https:\/\/medyag.hu\/index.php\/wp-json\/wp\/v2\/pages\/25\/revisions"}],"predecessor-version":[{"id":648,"href":"https:\/\/medyag.hu\/index.php\/wp-json\/wp\/v2\/pages\/25\/revisions\/648"}],"wp:featuredmedia":[{"embeddable":true,"href":"https:\/\/medyag.hu\/index.php\/wp-json\/wp\/v2\/media\/24"}],"wp:attachment":[{"href":"https:\/\/medyag.hu\/index.php\/wp-json\/wp\/v2\/media?parent=25"}],"curies":[{"name":"wp","href":"https:\/\/api.w.org\/{rel}","templated":true}]}}