{"id":23,"date":"2012-07-12T22:59:40","date_gmt":"2012-07-12T22:59:40","guid":{"rendered":"http:\/\/medyag.hu\/index.php\/egyeb-vizsgalatok\/"},"modified":"2025-02-25T14:43:21","modified_gmt":"2025-02-25T14:43:21","slug":"egyeb-vizsgalatok","status":"publish","type":"page","link":"https:\/\/medyag.hu\/index.php\/egyeb-vizsgalatok\/","title":{"rendered":"Egy\u00e9b vizsg\u00e1latok"},"content":{"rendered":"<p>A vizsg\u00e1latokat felk\u00e9sz\u00fclt, tapasztalt munkat\u00e1rsakkal, \u00e9rv\u00e9nyes kvalifik\u00e1l\u00e1si protokollok, illetve valid\u00e1lt elj\u00e1r\u00e1sok birtok\u00e1ban, az adott feladatra alkalmas m\u00e9r\u0151berendez\u00e9sekkel, \u00e9s min\u0151s\u00e9gi bizonylattal rendelkez\u0151 k\u00e9miai\/biol\u00f3giai indik\u00e1torokkal v\u00e9gezz\u00fck.<\/p>\n<p>T\u00f6bbcsatorn\u00e1s adatgy\u0171jt\u0151ink \u00e9s az adatgy\u0171jt\u0151kre k\u00f6t\u00f6tt speci\u00e1lis m\u00e9r\u0151eszk\u00f6zeink seg\u00edts\u00e9g\u00e9vel egy id\u0151ben, t\u00f6bb ponton, k\u00fcl\u00f6nb\u00f6z\u0151 param\u00e9tereket (pl. h\u0151m\u00e9rs\u00e9klet, p\u00e1ratartalom, nyom\u00e1s) tudunk meghat\u00e1rozni \u00e9s archiv\u00e1lni. Adatgy\u0171jt\u0151ink haszn\u00e1lat\u00e1val olyan komplex m\u00e9r\u0151- \u00e9s adatgy\u0171jt\u0151 rendszerek alak\u00edthat\u00f3k ki, amelyek seg\u00edts\u00e9g\u00e9vel egy id\u0151ben t\u00f6bb berendez\u00e9s, illetve ell\u00e1t\u00f3rendszer kvalifik\u00e1l\u00e1sa biztos\u00edthat\u00f3.<\/p>\n<p>A vizsg\u00e1latokat a megb\u00edz\u00f3 \u00e1ltal ig\u00e9nyelt m\u00e9r\u00e9si pontokon v\u00e9gezz\u00fck. Ig\u00e9ny eset\u00e9n a vizsg\u00e1lattal kapcsolatban tan\u00e1csad\u00e1st ny\u00fajtunk.<\/p>\n<p><strong>EGY\u00c9B VIZSG\u00c1LATOK<\/strong><\/p>\n<p><strong>NYOM\u00c1SM\u00c9R\u00c9S<\/strong><\/p>\n<p>Az autokl\u00e1vok m\u0171k\u00f6dtet\u00e9s\u00fck sor\u00e1n szab\u00e1lyozott nyom\u00e1sviszonyokat biztos\u00edtanak. Az <a href=\"index.php?option=com_content&amp;view=article&amp;id=62&amp;Itemid=150\">autokl\u00e1vok h\u0151m\u00e9rs\u00e9klet eloszl\u00e1s m\u00e9r\u00e9s\u00e9vel<\/a> egy id\u0151ben m\u00e9rni tudjuk az autokl\u00e1v munkater\u00e9nek id\u0151beli nyom\u00e1s v\u00e1ltoz\u00e1s\u00e1t.<\/p>\n<p><strong>FORDULATSZ\u00c1MM\u00c9R\u00c9S<\/strong><\/p>\n<p>Centrifug\u00e1k, kever\u0151k fordulatsz\u00e1m m\u00e9r\u00e9se l\u00e9zeres fordulatsz\u00e1mm\u00e9r\u0151vel.<\/p>\n<p><strong>P\u00c1RATARTALOM M\u00c9R\u00c9S<\/strong><\/p>\n<p>Berendez\u00e9sek relat\u00edv p\u00e1ratartalm\u00e1nak meghat\u00e1roz\u00e1sa.<\/p>\n<p><strong>PIROG\u00c9NMENTES\u00cdT\u0150 HAT\u00c1S VIZSG\u00c1LATA PIROG\u00c9N TARTALM\u00da TESZTAMPULL\u00c1KKAL<\/strong><\/p>\n<p>A h\u0151l\u00e9gsteriliz\u00e1torok <a href=\"index.php?option=com_content&amp;view=article&amp;id=62&amp;Itemid=150\">h\u0151m\u00e9rs\u00e9klet eloszl\u00e1s m\u00e9r\u00e9s\u00e9vel<\/a> p\u00e1rhuzamosan lehet\u0151s\u00e9g van a steriliz\u00e1l\u00f3 berendez\u00e9sek pirog\u00e9nmentes\u00edt\u0151 hat\u00e1s\u00e1nak vizsg\u00e1lat\u00e1ra is.<\/p>\n<p>A pirog\u00e9nmentes\u00edt\u00e9si folyamat hat\u00e9konys\u00e1g\u00e1nak ellen\u0151rz\u00e9s\u00e9hez, azaz a bakteri\u00e1lis endotoxin tartalom kimutat\u00e1s\u00e1hoz a vizsg\u00e1lat sor\u00e1n ismert mennyis\u00e9g\u0171 pirog\u00e9n tartalm\u00fa anyagot tartalmaz\u00f3 tesztampull\u00e1kat haszn\u00e1lunk.<\/p>\n<p><strong>STERILIZ\u00c1L\u00c1S PARAM\u00c9TEREINEK ELLEN\u0150RZ\u00c9SE Bowie Dick teszttel<\/strong><\/p>\n<p>A Bowie Dick programmal rendelkez\u0151 autokl\u00e1vok eset\u00e9n javasolt a <a href=\"index.php?option=com_content&amp;view=article&amp;id=62&amp;Itemid=150\">h\u0151m\u00e9rs\u00e9klet eloszl\u00e1sm\u00e9r\u00e9s<\/a> el\u0151tt a Bowie Dick teszt lefuttat\u00e1sa. A rakom\u00e1ny t\u00f6meg\u00e9t modell\u00e1l\u00f3 Bowie Dick teszt seg\u00edts\u00e9g\u00e9vel ellen\u0151rizhet\u0151:<\/p>\n<ul>\n<li>a g\u0151z behatol\u00e1sa (penetr\u00e1ci\u00f3ja) a rakom\u00e1ny belsej\u00e9be,<\/li>\n<li>a steriliz\u00e1l\u00f3 g\u0151z aktu\u00e1lis h\u0151m\u00e9rs\u00e9klete,<\/li>\n<li>a g\u0151z rakom\u00e1nyba t\u00f6rt\u00e9n\u0151 behatol\u00e1s\u00e1nak (penetr\u00e1ci\u00f3j\u00e1nak) id\u0151tartama,<\/li>\n<li>a munkat\u00e9r l\u00e9gtelen\u00edt\u00e9s\u00e9nek milyens\u00e9ge,<\/li>\n<li>a steriliz\u00e1l\u00f3 g\u0151z t\u00faltel\u00edtetts\u00e9ge,<\/li>\n<li>a steriliz\u00e1l\u00f3 g\u0151z t\u00falhev\u00edtetts\u00e9ge.<\/li>\n<\/ul>\n","protected":false},"excerpt":{"rendered":"<p>A vizsg\u00e1latokat felk\u00e9sz\u00fclt, tapasztalt munkat\u00e1rsakkal, \u00e9rv\u00e9nyes kvalifik\u00e1l\u00e1si protokollok, illetve valid\u00e1lt elj\u00e1r\u00e1sok birtok\u00e1ban, az adott feladatra alkalmas m\u00e9r\u0151berendez\u00e9sekkel, \u00e9s min\u0151s\u00e9gi bizonylattal rendelkez\u0151 k\u00e9miai\/biol\u00f3giai indik\u00e1torokkal v\u00e9gezz\u00fck. T\u00f6bbcsatorn\u00e1s adatgy\u0171jt\u0151ink \u00e9s az adatgy\u0171jt\u0151kre k\u00f6t\u00f6tt speci\u00e1lis m\u00e9r\u0151eszk\u00f6zeink seg\u00edts\u00e9g\u00e9vel egy id\u0151ben, t\u00f6bb ponton, k\u00fcl\u00f6nb\u00f6z\u0151 param\u00e9tereket (pl. h\u0151m\u00e9rs\u00e9klet, p\u00e1ratartalom, nyom\u00e1s) tudunk meghat\u00e1rozni \u00e9s archiv\u00e1lni. Adatgy\u0171jt\u0151ink haszn\u00e1lat\u00e1val olyan komplex m\u00e9r\u0151- \u00e9s adatgy\u0171jt\u0151 rendszerek [&hellip;]<\/p>\n","protected":false},"author":1,"featured_media":0,"parent":0,"menu_order":25,"comment_status":"closed","ping_status":"closed","template":"","meta":{"footnotes":""},"class_list":["post-23","page","type-page","status-publish","czr-hentry"],"_links":{"self":[{"href":"https:\/\/medyag.hu\/index.php\/wp-json\/wp\/v2\/pages\/23","targetHints":{"allow":["GET"]}}],"collection":[{"href":"https:\/\/medyag.hu\/index.php\/wp-json\/wp\/v2\/pages"}],"about":[{"href":"https:\/\/medyag.hu\/index.php\/wp-json\/wp\/v2\/types\/page"}],"author":[{"embeddable":true,"href":"https:\/\/medyag.hu\/index.php\/wp-json\/wp\/v2\/users\/1"}],"replies":[{"embeddable":true,"href":"https:\/\/medyag.hu\/index.php\/wp-json\/wp\/v2\/comments?post=23"}],"version-history":[{"count":1,"href":"https:\/\/medyag.hu\/index.php\/wp-json\/wp\/v2\/pages\/23\/revisions"}],"predecessor-version":[{"id":654,"href":"https:\/\/medyag.hu\/index.php\/wp-json\/wp\/v2\/pages\/23\/revisions\/654"}],"wp:attachment":[{"href":"https:\/\/medyag.hu\/index.php\/wp-json\/wp\/v2\/media?parent=23"}],"curies":[{"name":"wp","href":"https:\/\/api.w.org\/{rel}","templated":true}]}}