{"id":22,"date":"2012-07-12T22:55:49","date_gmt":"2012-07-12T22:55:49","guid":{"rendered":"http:\/\/medyag.hu\/index.php\/tisztaterek-vizsgalata\/"},"modified":"2012-07-12T22:55:49","modified_gmt":"2012-07-12T22:55:49","slug":"tisztaterek-vizsgalata","status":"publish","type":"page","link":"https:\/\/medyag.hu\/index.php\/tisztaterek-vizsgalata\/","title":{"rendered":"Tisztaterek vizsg\u00e1lata"},"content":{"rendered":"<p>Egyes ipari vagy laborat\u00f3riumi gy\u00e1rt\u00e1si m\u0171veletek \u00e9s vizsg\u00e1latok olyan min\u0151s\u00edtett k\u00f6rnyezeti h\u00e1tteret k\u00f6vetelnek meg, amely biztos\u00edthatja, hogy a kezelt anyagok, f\u00e1zisterm\u00e9kek szennyez\u0151d\u00e9se minim\u00e1lis legyen.<\/p>\n<p>A speci\u00e1lis el\u0151\u00edr\u00e1soknak (pl. GMP) megfelel\u0151 k\u00f6rnyezet r\u00e9sze egy l\u00e9gtechnikai ell\u00e1t\u00f3 rendszer, amely folyamatosan biztos\u00edtja a hat\u00e9kony l\u00e9gcser\u00e9t, az optimaliz\u00e1lt fizikai kialak\u00edt\u00e1s pedig lehet\u0151v\u00e9 teszi a folyamatos monitoroz\u00e1s \u00e9s az id\u0151szaki ellen\u0151rz\u00e9sek (kvalifik\u00e1l\u00e1sok) sor\u00e1n a meghat\u00e1rozand\u00f3 param\u00e9terek (pl.: r\u00e9szecskeszennyezetts\u00e9g, l\u00e9gsebess\u00e9g, l\u00e9gmennyis\u00e9g, \u00e1raml\u00e1si ir\u00e1ny, h\u0151m\u00e9rs\u00e9klet \u00e9s p\u00e1ratartalom) m\u00e9r\u00e9s\u00e9t \u00e9s igazol\u00e1s\u00e1t.<\/p>\n<p>M\u00e9r\u00e9si elj\u00e1r\u00e1saink nem csak az adott l\u00e9gtechnikai ell\u00e1t\u00f3rendszerek kvalifik\u00e1l\u00e1s\u00e1hoz haszn\u00e1lhat\u00f3k, hanem ezek kialak\u00edt\u00e1sa sor\u00e1n az optimaliz\u00e1l\u00e1sban, a r\u00e9szfolyamatok megfelel\u0151s\u00e9g\u00e9nek igazol\u00e1s\u00e1hoz is seg\u00edts\u00e9get ny\u00fajtanak.<\/p>\n<p>M\u00e9r\u0151eszk\u00f6zeink egyenk\u00e9nti \u00e9s rendszerben t\u00f6rt\u00e9n\u0151 haszn\u00e1lat\u00e1val el\u00e9rhetj\u00fck, hogy m\u00e1r az \u00fczemes\u00edt\u00e9si szakaszt\u00f3l folyamatosan ellen\u0151rizhet\u0151v\u00e9 v\u00e1ljon az ell\u00e1t\u00f3rendszer m\u0171k\u00f6d\u00e9se, egy esetleges rendszerbe\u00e1ll\u00edt\u00e1s, vagy korrig\u00e1l\u00e1s ut\u00e1ni ellen\u0151rz\u00e9s pedig a lehet\u0151 leggyorsabban elv\u00e9gezhet\u0151 legyen.<\/p>\n<p>A vizsg\u00e1latokat felk\u00e9sz\u00fclt, tapasztalt munkat\u00e1rsakkal, \u00e9rv\u00e9nyes kvalifik\u00e1l\u00e1si protokollok, illetve valid\u00e1lt elj\u00e1r\u00e1sok birtok\u00e1ban, az adott feladatra alkalmas m\u00e9r\u0151berendez\u00e9sekkel, \u00e9s min\u0151s\u00e9gi bizonylattal rendelkez\u0151 k\u00e9miai\/biol\u00f3giai indik\u00e1torokkal v\u00e9gezz\u00fck.<\/p>\n<p><strong>Leveg\u0151 r\u00e9szecskeszennyezetts\u00e9g vizsg\u00e1lata <\/strong><\/p>\n<p><strong><img loading=\"lazy\" decoding=\"async\" class=\" alignright size-full wp-image-17\" src=\"https:\/\/medyag.hu\/wp-content\/uploads\/2012\/07\/1.jpg\" border=\"0\" alt=\"\" align=\"right\" style=\"margin-left: 12px; margin-bottom: 12px;\" width=\"200\" height=\"134\" \/><\/strong>A vizsg\u00e1lat sor\u00e1n a mobil r\u00e9szecskesz\u00e1ml\u00e1l\u00f3 mintakamr\u00e1j\u00e1n \u00e1tvet\u00edtett l\u00e9zersug\u00e1r f\u00e9nye a besz\u00edvott leveg\u0151ben l\u00e9v\u0151 b\u00e1rmilyen r\u00e9szecsk\u00e9ken sz\u00f3r\u00f3dik. A sz\u00f3rt f\u00e9ny a fotocell\u00e1n fesz\u00fclts\u00e9g impulzusokk\u00e1 konvert\u00e1l\u00f3dik, amelyek ar\u00e1nyosak a r\u00e9szecsk\u00e9k m\u00e9ret\u00e9vel.<\/p>\n<p>A m\u00f3dszer kit\u0171n\u0151en alkalmazhat\u00f3 a k\u00fcl\u00f6nb\u00f6z\u0151 tisztas\u00e1gi oszt\u00e1lyok szabv\u00e1nyai, el\u0151\u00edr\u00e1sai (pl.: GMP) \u00e1ltal meghat\u00e1rozott k\u00f6vetelm\u00e9nyek teljes\u00edt\u00e9s\u00e9nek meg\u00e1llap\u00edt\u00e1s\u00e1hoz.<\/p>\n<p>A m\u00f3dszerrel a tisztaterek vizsg\u00e1lat\u00e1n k\u00edv\u00fcl lamin\u00e1ris f\u00fclk\u00e9k munkaterei is ellen\u0151rizhet\u0151k, illetve HEPA sz\u0171r\u0151k fel\u00fcleti integrit\u00e1sa \u00e9s be\u00e9p\u00edt\u00e9si t\u00f6m\u00edtetts\u00e9ge is igazolhat\u00f3.<\/p>\n<p>Haszn\u00e1lt r\u00e9szecskem\u00e9ret k\u00fcsz\u00f6b\u00f6k: 0,5 0,7 1,0 2,0 5,0 10 [\u00b5m]<\/p>\n<p><strong>Sz\u0171r\u0151integrit\u00e1s m\u00e9r\u00e9s<\/strong><\/p>\n<p><strong><img loading=\"lazy\" decoding=\"async\" class=\" alignright size-full wp-image-18\" src=\"https:\/\/medyag.hu\/wp-content\/uploads\/2012\/07\/2.jpg\" border=\"0\" alt=\"\" align=\"right\" style=\"margin-left: 12px;\" width=\"200\" height=\"134\" \/><\/strong><em>HEPA sz\u0171r\u0151k ellen\u0151rz\u00e9se fotom\u00e9terrel (DOP teszt)<\/em><\/p>\n<p>A sz\u0171r\u0151integrit\u00e1s m\u00e9r\u00e9s megkezd\u00e9se el\u0151tt tesztaeroszolt \u00e1ll\u00edtunk el\u0151. A keletkezett tesztaeroszolt a l\u00e9gkezel\u0151 rendszerbe vezetj\u00fck, majd fotom\u00e9ter seg\u00edts\u00e9g\u00e9vel m\u00e9rj\u00fck a sz\u00e1zal\u00e9kos sziv\u00e1rg\u00e1s m\u00e9rt\u00e9k\u00e9t.<\/p>\n<p><em>HEPA sz\u0171r\u0151k ellen\u0151rz\u00e9se r\u00e9szecskesz\u00e1ml\u00e1l\u00f3val<\/em><\/p>\n<p>A vizsg\u00e1latot a r\u00e9szecskesz\u00e1ml\u00e1l\u00f3 mintavev\u0151 fej\u00e9nek a sz\u0171r\u0151perem \u00e9s sz\u0171r\u0151fel\u00fclet el\u0151tti mozgat\u00e1s\u00e1val v\u00e9gezz\u00fck.<\/p>\n<p><img loading=\"lazy\" decoding=\"async\" class=\" size-full wp-image-19\" src=\"https:\/\/medyag.hu\/wp-content\/uploads\/2012\/07\/tisztater.jpg\" border=\"0\" alt=\"\" width=\"550\" height=\"300\" srcset=\"https:\/\/medyag.hu\/wp-content\/uploads\/2012\/07\/tisztater.jpg 550w, https:\/\/medyag.hu\/wp-content\/uploads\/2012\/07\/tisztater-300x164.jpg 300w\" sizes=\"auto, (max-width: 550px) 100vw, 550px\" \/><\/p>\n<p><strong><img loading=\"lazy\" decoding=\"async\" class=\" alignright size-full wp-image-20\" src=\"https:\/\/medyag.hu\/wp-content\/uploads\/2012\/07\/3.jpg\" border=\"0\" alt=\"\" align=\"right\" style=\"margin-left: 12px;\" width=\"200\" height=\"134\" \/>L\u00e9gsebess\u00e9g m\u00e9r\u00e9s<\/strong><\/p>\n<p>L\u00e9gtechnikai m\u00e9r\u00e9ssorozat r\u00e9szek\u00e9nt, vagy \u00f6n\u00e1ll\u00f3 m\u00e9r\u00e9sk\u00e9nt h\u0151dr\u00f3tos l\u00e9gsebess\u00e9gm\u00e9r\u0151vel, illetve l\u00e9gsebess\u00e9g-m\u00e1trix-szal v\u00e9gzett m\u00e9r\u00e9sek sor\u00e1n a be\u00e9p\u00edtett sz\u0171r\u0151n, illetve anemoszt\u00e1ton \u00e1t\u00e1raml\u00f3 leveg\u0151 sebess\u00e9g\u00e9t m\u00e9rj\u00fck \u00e9s regisztr\u00e1ljuk.<\/p>\n<p>\u00a0<\/p>\n<p>\u00a0<\/p>\n<p>\u00a0<\/p>\n<p>\u00a0<\/p>\n<p><strong><\/p>\n<p><\/strong><strong>L\u00e9gmennyis\u00e9g meghat\u00e1roz\u00e1sa<\/strong><\/p>\n<p><strong><img loading=\"lazy\" decoding=\"async\" class=\" alignright size-full wp-image-21\" src=\"https:\/\/medyag.hu\/wp-content\/uploads\/2012\/07\/4.jpg\" border=\"0\" alt=\"\" align=\"right\" style=\"margin-left: 12px; margin-bottom: 10px;\" width=\"200\" height=\"134\" \/><\/strong>A l\u00e9gtechnikai rendszerek be\u00e9p\u00edtett be- \u00e9s elsz\u00edv\u00f3in \u00e1t\u00e1raml\u00f3 leveg\u0151 mennyis\u00e9g\u00e9nek meghat\u00e1roz\u00e1sa balom\u00e9ter seg\u00edts\u00e9g\u00e9vel t\u00f6rt\u00e9nik.<\/p>\n<p>A balom\u00e9ter be\u00e9p\u00edtett \u2013 de \u00f6n\u00e1ll\u00f3 m\u00e9r\u0151egys\u00e9gk\u00e9nt is kezelhet\u0151 \u2013 mikromanom\u00e9tere pozit\u00edv \u00e9s negat\u00edv nyom\u00e1s \u00e9s differenci\u00e1lnyom\u00e1s, illetve h\u0151m\u00e9rs\u00e9klet \u00e9s nedvess\u00e9gtartalom m\u00e9r\u00e9s\u00e9re is alkalmas, emellett egy opcion\u00e1lis sebess\u00e9gm\u00e1trix alkalmaz\u00e1s\u00e1val l\u00e9gsebess\u00e9g \u00e9rt\u00e9kek is meg\u00e1llap\u00edthat\u00f3k.<\/p>\n<p><strong>Leveg\u0151\u00e1raml\u00e1s ellen\u0151rz\u00e9se<\/strong><\/p>\n<p>A leveg\u0151\u00e1raml\u00e1st ellen\u0151rz\u0151 berendez\u00e9s be\u00e9p\u00edtett k\u00f6dgener\u00e1tor\u00e1nak seg\u00edts\u00e9g\u00e9vel olyan \u201ejelz\u0151f\u00fcst\u00f6t\u201d \u00e1ll\u00edtunk el\u0151, amely r\u00e9v\u00e9n vizu\u00e1lisan \u00e9rz\u00e9kelhetj\u00fck, illetve igazolhatjuk b\u00e1rmely l\u00e9gtechnikai rendszer vagy lamin\u00e1ris f\u00fclke \u00e1ltal l\u00e9trehozott leveg\u0151\u00e1raml\u00e1s relat\u00edv intenzit\u00e1s\u00e1t, ir\u00e1ny\u00e1t \u00e9s min\u0151s\u00e9g\u00e9t (pl.: lamin\u00e1ris \u00e1raml\u00e1s).<\/p>\n<p><strong>Nyom\u00e1sl\u00e9pcs\u0151k vizsg\u00e1lata<\/strong><\/p>\n<p>L\u00e9gtechnikai m\u00e9r\u00e9ssorozat r\u00e9szek\u00e9nt, vagy \u00f6n\u00e1ll\u00f3 m\u00e9r\u00e9sk\u00e9nt v\u00e9gezhet\u0151 a helyis\u00e9gek k\u00f6z\u00f6tti nyom\u00e1sk\u00fcl\u00f6nbs\u00e9g meghat\u00e1roz\u00e1sa, melynek sor\u00e1n differenci\u00e1l manom\u00e9ter seg\u00edts\u00e9g\u00e9vel m\u00e9rj\u00fck \u00e9s regisztr\u00e1ljuk az aktu\u00e1lis nyom\u00e1sk\u00fcl\u00f6nbs\u00e9g \u00e9rt\u00e9keket.<\/p>\n<p><strong>Helyis\u00e9gek h\u0151m\u00e9rs\u00e9klet \u00e9s p\u00e1ratartalom m\u00e9r\u00e9se<\/strong><\/p>\n<p>L\u00e9gtechnikai m\u00e9r\u00e9ssorozat r\u00e9szek\u00e9nt, vagy \u00f6n\u00e1ll\u00f3 m\u00e9r\u00e9sk\u00e9nt v\u00e9gezhet\u0151 a helyis\u00e9gek h\u0151m\u00e9rs\u00e9klet \u00e9s\/vagy relat\u00edv p\u00e1ratartalom egy vagy t\u00f6bb ponton t\u00f6rt\u00e9n\u0151 meghat\u00e1roz\u00e1sa.<\/p>\n<p><strong>Leveg\u0151 mikrobiol\u00f3giai vizsg\u00e1lata<\/strong><\/p>\n<p>A tisztat\u00e9r leveg\u0151j\u00e9nek cs\u00edraszennyezetts\u00e9g\u00e9t mikrobiol\u00f3giai mintav\u00e9telez\u00e9ssel hat\u00e1rozzuk meg. A t\u00e9rben elhelyezett leveg\u0151 mintavev\u0151n 1m<sup>3 <\/sup>mennyis\u00e9g\u0171 leveg\u0151t \u00e1tsz\u00edvatunk, majd a t\u00e1ptalajon megtapadt mikroorganizmusokat kiteny\u00e9sztj\u00fck, megsz\u00e1ml\u00e1ljuk, \u00e9s sz\u00fcks\u00e9g eset\u00e9n identifik\u00e1ljuk<\/p>\n<p>\u00a0<\/p>\n","protected":false},"excerpt":{"rendered":"<p>Egyes ipari vagy laborat\u00f3riumi gy\u00e1rt\u00e1si m\u0171veletek \u00e9s vizsg\u00e1latok olyan min\u0151s\u00edtett k\u00f6rnyezeti h\u00e1tteret k\u00f6vetelnek meg, amely biztos\u00edthatja, hogy a kezelt anyagok, f\u00e1zisterm\u00e9kek szennyez\u0151d\u00e9se minim\u00e1lis legyen. A speci\u00e1lis el\u0151\u00edr\u00e1soknak (pl. GMP) megfelel\u0151 k\u00f6rnyezet r\u00e9sze egy l\u00e9gtechnikai ell\u00e1t\u00f3 rendszer, amely folyamatosan biztos\u00edtja a hat\u00e9kony l\u00e9gcser\u00e9t, az optimaliz\u00e1lt fizikai kialak\u00edt\u00e1s pedig lehet\u0151v\u00e9 teszi a folyamatos monitoroz\u00e1s \u00e9s az id\u0151szaki [&hellip;]<\/p>\n","protected":false},"author":1,"featured_media":17,"parent":0,"menu_order":26,"comment_status":"closed","ping_status":"closed","template":"","meta":{"footnotes":""},"class_list":["post-22","page","type-page","status-publish","has-post-thumbnail","czr-hentry"],"_links":{"self":[{"href":"https:\/\/medyag.hu\/index.php\/wp-json\/wp\/v2\/pages\/22","targetHints":{"allow":["GET"]}}],"collection":[{"href":"https:\/\/medyag.hu\/index.php\/wp-json\/wp\/v2\/pages"}],"about":[{"href":"https:\/\/medyag.hu\/index.php\/wp-json\/wp\/v2\/types\/page"}],"author":[{"embeddable":true,"href":"https:\/\/medyag.hu\/index.php\/wp-json\/wp\/v2\/users\/1"}],"replies":[{"embeddable":true,"href":"https:\/\/medyag.hu\/index.php\/wp-json\/wp\/v2\/comments?post=22"}],"version-history":[{"count":0,"href":"https:\/\/medyag.hu\/index.php\/wp-json\/wp\/v2\/pages\/22\/revisions"}],"wp:featuredmedia":[{"embeddable":true,"href":"https:\/\/medyag.hu\/index.php\/wp-json\/wp\/v2\/media\/17"}],"wp:attachment":[{"href":"https:\/\/medyag.hu\/index.php\/wp-json\/wp\/v2\/media?parent=22"}],"curies":[{"name":"wp","href":"https:\/\/api.w.org\/{rel}","templated":true}]}}