{"id":16,"date":"2012-07-12T22:51:32","date_gmt":"2012-07-12T22:51:32","guid":{"rendered":"http:\/\/medyag.hu\/index.php\/akkreditalt-homerseklet-es-paraeloszlas-vizsgalatok\/"},"modified":"2017-02-22T11:43:21","modified_gmt":"2017-02-22T11:43:21","slug":"akkreditalt-homerseklet-es-paraeloszlas-vizsgalatok","status":"publish","type":"page","link":"https:\/\/medyag.hu\/index.php\/akkreditalt-homerseklet-es-paraeloszlas-vizsgalatok\/","title":{"rendered":"Akkredit\u00e1lt h\u0151m\u00e9rs\u00e9klet \u00e9s p\u00e1raeloszl\u00e1s vizsg\u00e1latok"},"content":{"rendered":"<p><img loading=\"lazy\" decoding=\"async\" class=\" alignright size-full wp-image-15\" style=\"padding-left: 15px;\" src=\"https:\/\/medyag.hu\/wp-content\/uploads\/2012\/07\/h-%20pratartalom%20eloszls%20kp01.JPG\" alt=\"\" width=\"267\" height=\"200\" align=\"right\" border=\"0\" \/> A vizsg\u00e1latokat felk\u00e9sz\u00fclt, tapasztalt munkat\u00e1rsakkal, \u00e9rv\u00e9nyes kvalifik\u00e1l\u00e1si protokollok, illetve valid\u00e1lt elj\u00e1r\u00e1sok birtok\u00e1ban, az adott feladatra alkalmas m\u00e9r\u0151berendez\u00e9sekkel v\u00e9gezz\u00fck.<\/p>\n<p>T\u00f6bbcsatorn\u00e1s adatgy\u0171jt\u0151ink \u00e9s az adatgy\u0171jt\u0151kre k\u00f6t\u00f6tt speci\u00e1lis m\u00e9r\u0151eszk\u00f6zeink seg\u00edts\u00e9g\u00e9vel egy id\u0151ben, t\u00f6bb ponton, k\u00fcl\u00f6nb\u00f6z\u0151 param\u00e9tereket (pl. h\u0151m\u00e9rs\u00e9klet, p\u00e1ratartalom) tudunk meghat\u00e1rozni \u00e9s archiv\u00e1lni. Adatgy\u0171jt\u0151ink haszn\u00e1lat\u00e1val olyan komplex m\u00e9r\u0151- \u00e9s adatgy\u0171jt\u0151 rendszerek alak\u00edthat\u00f3k ki, amelyek seg\u00edts\u00e9g\u00e9vel egy id\u0151ben t\u00f6bb berendez\u00e9s, illetve ell\u00e1t\u00f3rendszer kvalifik\u00e1l\u00e1sa biztos\u00edthat\u00f3.<\/p>\n<p>A vizsg\u00e1latokat a megb\u00edz\u00f3 \u00e1ltal ig\u00e9nyelt m\u00e9r\u00e9si pontokon v\u00e9gezz\u00fck. Ig\u00e9ny eset\u00e9n a vizsg\u00e1lattal kapcsolatban tan\u00e1csad\u00e1st ny\u00fajtunk.<\/p>\n<p><a href=\"https:\/\/medyag.hu\/index.php\/homerseklet-eloszlas-vizsgalatok\/\"><strong>Akkredit\u00e1lt h\u0151m\u00e9rs\u00e9klet eloszl\u00e1s vizsg\u00e1latok <\/strong><\/a><\/p>\n<p><a href=\"https:\/\/medyag.hu\/index.php\/paraeloszlas-vizsgalatok\/\"><strong>Akkredit\u00e1lt p\u00e1raeloszl\u00e1s vizsg\u00e1latok<\/strong><\/a><\/p>\n<h5><strong>Egy\u00e9b h\u0151m\u00e9rs\u00e9klet eloszl\u00e1s vizsg\u00e1latok<\/strong><\/h5>\n<p>&#8211; Foly\u00e9kony nitrog\u00e9nnel m\u0171k\u00f6d\u0151, programozhat\u00f3 fagyaszt\u00f3berendez\u00e9sek h\u0151eloszl\u00e1s vizsg\u00e1lata.<\/p>\n<p>&#8211; H\u0171t\u0151t\u00e1sk\u00e1k, \u201eh\u0151m\u00e9rs\u00e9klettart\u00f3\u201d eszk\u00f6z\u00f6k, berendez\u00e9sek h\u0151m\u00e9rs\u00e9klet eloszl\u00e1s vizsg\u00e1lata egyedi egyeztet\u00e9s alapj\u00e1n.<\/p>\n<p>&nbsp;<\/p>\n","protected":false},"excerpt":{"rendered":"<p>A vizsg\u00e1latokat felk\u00e9sz\u00fclt, tapasztalt munkat\u00e1rsakkal, \u00e9rv\u00e9nyes kvalifik\u00e1l\u00e1si protokollok, illetve valid\u00e1lt elj\u00e1r\u00e1sok birtok\u00e1ban, az adott feladatra alkalmas m\u00e9r\u0151berendez\u00e9sekkel v\u00e9gezz\u00fck. T\u00f6bbcsatorn\u00e1s adatgy\u0171jt\u0151ink \u00e9s az adatgy\u0171jt\u0151kre k\u00f6t\u00f6tt speci\u00e1lis m\u00e9r\u0151eszk\u00f6zeink seg\u00edts\u00e9g\u00e9vel egy id\u0151ben, t\u00f6bb ponton, k\u00fcl\u00f6nb\u00f6z\u0151 param\u00e9tereket (pl. h\u0151m\u00e9rs\u00e9klet, p\u00e1ratartalom) tudunk meghat\u00e1rozni \u00e9s archiv\u00e1lni. Adatgy\u0171jt\u0151ink haszn\u00e1lat\u00e1val olyan komplex m\u00e9r\u0151- \u00e9s adatgy\u0171jt\u0151 rendszerek alak\u00edthat\u00f3k ki, amelyek seg\u00edts\u00e9g\u00e9vel egy id\u0151ben t\u00f6bb [&hellip;]<\/p>\n","protected":false},"author":1,"featured_media":15,"parent":0,"menu_order":27,"comment_status":"closed","ping_status":"closed","template":"","meta":{"footnotes":""},"class_list":["post-16","page","type-page","status-publish","has-post-thumbnail","czr-hentry"],"_links":{"self":[{"href":"https:\/\/medyag.hu\/index.php\/wp-json\/wp\/v2\/pages\/16","targetHints":{"allow":["GET"]}}],"collection":[{"href":"https:\/\/medyag.hu\/index.php\/wp-json\/wp\/v2\/pages"}],"about":[{"href":"https:\/\/medyag.hu\/index.php\/wp-json\/wp\/v2\/types\/page"}],"author":[{"embeddable":true,"href":"https:\/\/medyag.hu\/index.php\/wp-json\/wp\/v2\/users\/1"}],"replies":[{"embeddable":true,"href":"https:\/\/medyag.hu\/index.php\/wp-json\/wp\/v2\/comments?post=16"}],"version-history":[{"count":5,"href":"https:\/\/medyag.hu\/index.php\/wp-json\/wp\/v2\/pages\/16\/revisions"}],"predecessor-version":[{"id":246,"href":"https:\/\/medyag.hu\/index.php\/wp-json\/wp\/v2\/pages\/16\/revisions\/246"}],"wp:featuredmedia":[{"embeddable":true,"href":"https:\/\/medyag.hu\/index.php\/wp-json\/wp\/v2\/media\/15"}],"wp:attachment":[{"href":"https:\/\/medyag.hu\/index.php\/wp-json\/wp\/v2\/media?parent=16"}],"curies":[{"name":"wp","href":"https:\/\/api.w.org\/{rel}","templated":true}]}}