{"id":14,"date":"2012-07-12T22:24:52","date_gmt":"2012-07-12T22:24:52","guid":{"rendered":"http:\/\/medyag.hu\/index.php\/paraeloszlas-vizsgalatok\/"},"modified":"2024-03-12T08:41:49","modified_gmt":"2024-03-12T08:41:49","slug":"paraeloszlas-vizsgalatok","status":"publish","type":"page","link":"https:\/\/medyag.hu\/index.php\/paraeloszlas-vizsgalatok\/","title":{"rendered":"P\u00e1raeloszl\u00e1s vizsg\u00e1latok"},"content":{"rendered":"<p>A vizsg\u00e1latokat felk\u00e9sz\u00fclt, tapasztalt munkat\u00e1rsakkal, \u00e9rv\u00e9nyes kvalifik\u00e1l\u00e1si protokollok, illetve valid\u00e1lt elj\u00e1r\u00e1sok birtok\u00e1ban, az adott feladatra alkalmas m\u00e9r\u0151berendez\u00e9sekkel v\u00e9gezz\u00fck.<\/p>\n<p>T\u00f6bbcsatorn\u00e1s adatgy\u0171jt\u0151ink \u00e9s az adatgy\u0171jt\u0151kre k\u00f6t\u00f6tt speci\u00e1lis m\u00e9r\u0151eszk\u00f6zeink seg\u00edts\u00e9g\u00e9vel egy id\u0151ben, t\u00f6bb ponton, k\u00fcl\u00f6nb\u00f6z\u0151 param\u00e9tereket (pl. h\u0151m\u00e9rs\u00e9klet, p\u00e1ratartalom) tudunk meghat\u00e1rozni \u00e9s archiv\u00e1lni. Adatgy\u0171jt\u0151ink haszn\u00e1lat\u00e1val olyan komplex m\u00e9r\u0151- \u00e9s adatgy\u0171jt\u0151 rendszerek alak\u00edthat\u00f3k ki, amelyek seg\u00edts\u00e9g\u00e9vel egy id\u0151ben t\u00f6bb berendez\u00e9s, illetve ell\u00e1t\u00f3rendszer kvalifik\u00e1l\u00e1sa biztos\u00edthat\u00f3.<\/p>\n<p>A vizsg\u00e1latokat a megb\u00edz\u00f3 \u00e1ltal ig\u00e9nyelt m\u00e9r\u00e9si pontokon v\u00e9gezz\u00fck. Ig\u00e9ny eset\u00e9n a vizsg\u00e1lattal kapcsolatban tan\u00e1csad\u00e1st ny\u00fajtunk.<\/p>\n<p><strong>Akkredit\u00e1lt vizsg\u00e1latok<\/strong><\/p>\n<p><strong>RELAT\u00cdV P\u00c1RATARTALOM ELOSZL\u00c1S VIZSG\u00c1LATOK<\/strong><\/p>\n<p><strong>Szab\u00e1lyozott p\u00e1ratartalm\u00fa z\u00e1rt terek, helyis\u00e9gek relat\u00edv p\u00e1ratartalom eloszl\u00e1s vizsg\u00e1lata<\/strong><\/p>\n<p><strong>A MEDYAG Kft. <\/strong><strong>M\u0171szaki vizsg\u00e1l\u00f3laborat\u00f3riuma a Nemzeti Akkredit\u00e1l\u00f3 Hat\u00f3s\u00e1g \u00e1ltal a <\/strong><strong>NAH-1-0870\/2024 sz\u00e1mon <a href=\"https:\/\/medyag.hu\/index.php\/mvl-akkreditalasi-okirat\/\">akkredit\u00e1lt vizsg\u00e1l\u00f3laborat\u00f3rium<\/a>.<\/strong><\/p>\n<p>Az akkredit\u00e1lt ter\u00fclet az al\u00e1bbi vizsg\u00e1latokra terjed ki:<\/p>\n<table border=\"0\" cellspacing=\"0\" cellpadding=\"0\">\n<thead>\n<tr>\n<th>Berendez\u00e9s, helyis\u00e9g besorol\u00e1s<\/th>\n<th>Vizsg\u00e1lat m\u00e9r\u00e9si tartom\u00e1nya<\/th>\n<\/tr>\n<\/thead>\n<tbody>\n<tr>\n<td>termoszt\u00e1tok \/ termoszt\u00e1tszob\u00e1k \/ keltet\u0151szob\u00e1k<\/td>\n<td>30,0 \u2026 90,0 rH%<\/td>\n<\/tr>\n<tr>\n<td>sz\u00e1ll\u00edt\u00f3 j\u00e1rm\u0171vek f\u0171thet\u0151 rakterei<\/td>\n<td>30,0 \u2026 90,0 rH%<\/td>\n<\/tr>\n<\/tbody>\n<\/table>\n<p>P\u00e1ram\u00e9r\u0151 adatgy\u0171jt\u0151k munkat\u00e9rben val\u00f3 elhelyez\u00e9s\u00e9t k\u00f6vet\u0151en t\u00f6rt\u00e9nik a vizsg\u00e1lat gyakorlati kivitelez\u00e9se.<\/p>\n<p>Az el\u0151re defini\u00e1lt m\u00e9r\u00e9si pontokon gy\u0171jtj\u00fck a relat\u00edv p\u00e1ratartalom adatokat, melyek az eredm\u00e9nyk\u00f6zl\u00e9s alapjai.<\/p>\n<p>A vizsg\u00e1latokr\u00f3l NAH \u201ekonform\u201d jegyz\u0151k\u00f6nyvet \u00e1ll\u00edtunk ki.<\/p>\n","protected":false},"excerpt":{"rendered":"<p>A vizsg\u00e1latokat felk\u00e9sz\u00fclt, tapasztalt munkat\u00e1rsakkal, \u00e9rv\u00e9nyes kvalifik\u00e1l\u00e1si protokollok, illetve valid\u00e1lt elj\u00e1r\u00e1sok birtok\u00e1ban, az adott feladatra alkalmas m\u00e9r\u0151berendez\u00e9sekkel v\u00e9gezz\u00fck. T\u00f6bbcsatorn\u00e1s adatgy\u0171jt\u0151ink \u00e9s az adatgy\u0171jt\u0151kre k\u00f6t\u00f6tt speci\u00e1lis m\u00e9r\u0151eszk\u00f6zeink seg\u00edts\u00e9g\u00e9vel egy id\u0151ben, t\u00f6bb ponton, k\u00fcl\u00f6nb\u00f6z\u0151 param\u00e9tereket (pl. h\u0151m\u00e9rs\u00e9klet, p\u00e1ratartalom) tudunk meghat\u00e1rozni \u00e9s archiv\u00e1lni. Adatgy\u0171jt\u0151ink haszn\u00e1lat\u00e1val olyan komplex m\u00e9r\u0151- \u00e9s adatgy\u0171jt\u0151 rendszerek alak\u00edthat\u00f3k ki, amelyek seg\u00edts\u00e9g\u00e9vel egy id\u0151ben t\u00f6bb [&hellip;]<\/p>\n","protected":false},"author":1,"featured_media":0,"parent":0,"menu_order":28,"comment_status":"closed","ping_status":"closed","template":"","meta":{"footnotes":""},"class_list":["post-14","page","type-page","status-publish","czr-hentry"],"_links":{"self":[{"href":"https:\/\/medyag.hu\/index.php\/wp-json\/wp\/v2\/pages\/14","targetHints":{"allow":["GET"]}}],"collection":[{"href":"https:\/\/medyag.hu\/index.php\/wp-json\/wp\/v2\/pages"}],"about":[{"href":"https:\/\/medyag.hu\/index.php\/wp-json\/wp\/v2\/types\/page"}],"author":[{"embeddable":true,"href":"https:\/\/medyag.hu\/index.php\/wp-json\/wp\/v2\/users\/1"}],"replies":[{"embeddable":true,"href":"https:\/\/medyag.hu\/index.php\/wp-json\/wp\/v2\/comments?post=14"}],"version-history":[{"count":9,"href":"https:\/\/medyag.hu\/index.php\/wp-json\/wp\/v2\/pages\/14\/revisions"}],"predecessor-version":[{"id":614,"href":"https:\/\/medyag.hu\/index.php\/wp-json\/wp\/v2\/pages\/14\/revisions\/614"}],"wp:attachment":[{"href":"https:\/\/medyag.hu\/index.php\/wp-json\/wp\/v2\/media?parent=14"}],"curies":[{"name":"wp","href":"https:\/\/api.w.org\/{rel}","templated":true}]}}