{"id":124,"date":"2017-02-16T19:44:06","date_gmt":"2017-02-16T19:44:06","guid":{"rendered":"http:\/\/medyag.hu\/?page_id=124"},"modified":"2026-03-17T08:45:08","modified_gmt":"2026-03-17T08:45:08","slug":"akkreditalt-szolgaltatasok","status":"publish","type":"page","link":"https:\/\/medyag.hu\/index.php\/akkreditalt-szolgaltatasok\/","title":{"rendered":"Akkredit\u00e1lt szolg\u00e1ltat\u00e1sok"},"content":{"rendered":"<h5><strong>V\u00c9RSAV\u00d3K HEMAGGLUTIN\u00c1CI\u00d3-G\u00c1TL\u00c1S VIZSG\u00c1LATAI<\/strong><\/h5>\n<p>A vizsg\u00e1lat sor\u00e1n az influenza elleni vakcina \u00e1ltal kiv\u00e1ltott\u00a0immunv\u00e1lasz m\u00e9rt\u00e9k\u00e9t hemagglutin\u00e1ci\u00f3-g\u00e1tl\u00e1s seg\u00edts\u00e9g\u00e9vel mutatjuk ki.<\/p>\n<p>A hum\u00e1n sav\u00f3k el\u0151k\u00e9sz\u00edt\u00e9s\u00e9t \u00e9s a vizsg\u00e1latokat felk\u00e9sz\u00fclt, tapasztalt munkat\u00e1rsakkal, valid\u00e1lt elj\u00e1r\u00e1s birtok\u00e1ban, az adott feladatra alkalmas berendez\u00e9sekkel, eszk\u00f6z\u00f6kkel, m\u00e9r\u0151eszk\u00f6z\u00f6kkel v\u00e9gezz\u00fck.<\/p>\n<p>A virol\u00f3giai vizsg\u00e1latok\/v\u00edrus ellenanyag kimutat\u00e1s t\u00e1rgyk\u00f6r\u00e9ben hum\u00e1n sav\u00f3k hemagglutin\u00e1ci\u00f3-g\u00e1tl\u00e1s (HAG) vizsg\u00e1lat\u00e1t v\u00e9gezz\u00fck az olt\u00f3anyag-hat\u00e9konys\u00e1g ellen\u0151rz\u00e9s\u00e9re.<\/p>\n<p>A MEDYAG Kft. Min\u0151s\u00e9gellen\u0151rz\u0151 Laborat\u00f3riuma a Nemzeti Akkredit\u00e1l\u00f3 Hat\u00f3s\u00e1g \u00e1ltal a NAH<span style=\"font-size: 12.16px; line-height: 1.3em;\">-1-1692\/2026 sz\u00e1mon <\/span><a style=\"font-size: 12.16px; line-height: 1.3em;\" href=\"https:\/\/medyag.hu\/index.php\/mel-akkreditalasi-okirat\/\">akkredit\u00e1lt vizsg\u00e1l\u00f3laborat\u00f3rium<\/a><span style=\"font-size: 12.16px; line-height: 1.3em;\">.<\/span><\/p>\n<p><img loading=\"lazy\" decoding=\"async\" class=\" size-full wp-image-11\" src=\"https:\/\/medyag.hu\/wp-content\/uploads\/2012\/07\/Hemagglutinc-gtls%20vizsglat.png\" alt=\"\" width=\"457\" height=\"342\" border=\"0\" \/><\/p>\n<p><a href=\"https:\/\/medyag.hu\/index.php\/jacie-akkreditacio\/\">JACIE akkredit\u00e1ci\u00f3<\/a><\/p>\n","protected":false},"excerpt":{"rendered":"<p>V\u00c9RSAV\u00d3K HEMAGGLUTIN\u00c1CI\u00d3-G\u00c1TL\u00c1S VIZSG\u00c1LATAI A vizsg\u00e1lat sor\u00e1n az influenza elleni vakcina \u00e1ltal kiv\u00e1ltott\u00a0immunv\u00e1lasz m\u00e9rt\u00e9k\u00e9t hemagglutin\u00e1ci\u00f3-g\u00e1tl\u00e1s seg\u00edts\u00e9g\u00e9vel mutatjuk ki. A hum\u00e1n sav\u00f3k el\u0151k\u00e9sz\u00edt\u00e9s\u00e9t \u00e9s a vizsg\u00e1latokat felk\u00e9sz\u00fclt, tapasztalt munkat\u00e1rsakkal, valid\u00e1lt elj\u00e1r\u00e1s birtok\u00e1ban, az adott feladatra alkalmas berendez\u00e9sekkel, eszk\u00f6z\u00f6kkel, m\u00e9r\u0151eszk\u00f6z\u00f6kkel v\u00e9gezz\u00fck. A virol\u00f3giai vizsg\u00e1latok\/v\u00edrus ellenanyag kimutat\u00e1s t\u00e1rgyk\u00f6r\u00e9ben hum\u00e1n sav\u00f3k hemagglutin\u00e1ci\u00f3-g\u00e1tl\u00e1s (HAG) vizsg\u00e1lat\u00e1t v\u00e9gezz\u00fck az olt\u00f3anyag-hat\u00e9konys\u00e1g ellen\u0151rz\u00e9s\u00e9re. A MEDYAG [&hellip;]<\/p>\n","protected":false},"author":1,"featured_media":0,"parent":0,"menu_order":0,"comment_status":"closed","ping_status":"closed","template":"","meta":{"footnotes":""},"class_list":["post-124","page","type-page","status-publish","czr-hentry"],"_links":{"self":[{"href":"https:\/\/medyag.hu\/index.php\/wp-json\/wp\/v2\/pages\/124","targetHints":{"allow":["GET"]}}],"collection":[{"href":"https:\/\/medyag.hu\/index.php\/wp-json\/wp\/v2\/pages"}],"about":[{"href":"https:\/\/medyag.hu\/index.php\/wp-json\/wp\/v2\/types\/page"}],"author":[{"embeddable":true,"href":"https:\/\/medyag.hu\/index.php\/wp-json\/wp\/v2\/users\/1"}],"replies":[{"embeddable":true,"href":"https:\/\/medyag.hu\/index.php\/wp-json\/wp\/v2\/comments?post=124"}],"version-history":[{"count":12,"href":"https:\/\/medyag.hu\/index.php\/wp-json\/wp\/v2\/pages\/124\/revisions"}],"predecessor-version":[{"id":760,"href":"https:\/\/medyag.hu\/index.php\/wp-json\/wp\/v2\/pages\/124\/revisions\/760"}],"wp:attachment":[{"href":"https:\/\/medyag.hu\/index.php\/wp-json\/wp\/v2\/media?parent=124"}],"curies":[{"name":"wp","href":"https:\/\/api.w.org\/{rel}","templated":true}]}}